{"id":7033,"date":"2021-02-16T04:37:58","date_gmt":"2021-02-16T04:37:58","guid":{"rendered":"https:\/\/travelguideplanet.com\/?page_id=965"},"modified":"2024-12-27T11:24:57","modified_gmt":"2024-12-27T11:24:57","slug":"nos-voyages","status":"publish","type":"page","link":"https:\/\/travelguideplanet.com\/en\/nos-voyages\/","title":{"rendered":"Nos voyages"},"content":{"rendered":"<div data-elementor-type=\"wp-page\" data-elementor-id=\"7033\" class=\"elementor elementor-7033\" data-elementor-post-type=\"page\">\n\t\t\t\t<div class=\"elementor-element elementor-element-e32a121 e-con-full e-flex e-con e-parent\" data-id=\"e32a121\" data-element_type=\"container\" data-settings=\"{&quot;background_background&quot;:&quot;classic&quot;}\">\n\t\t\t\t<div class=\"elementor-element elementor-element-3b44fe1 elementor-widget elementor-widget-heading\" data-id=\"3b44fe1\" data-element_type=\"widget\" data-widget_type=\"heading.default\">\n\t\t\t\t<div class=\"elementor-widget-container\">\n\t\t\t\t\t<h2 class=\"elementor-heading-title elementor-size-default\">NOS VOYAGES <\/h2>\t\t\t\t<\/div>\n\t\t\t\t<\/div>\n\t\t\t\t<\/div>\n\t\t<div class=\"elementor-element elementor-element-5d98829 e-grid e-con-boxed e-con e-parent\" data-id=\"5d98829\" data-element_type=\"container\">\n\t\t\t\t\t<div class=\"e-con-inner\">\n\t\t<div class=\"elementor-element elementor-element-2e7bff1 e-con-full e-flex e-con e-child\" data-id=\"2e7bff1\" data-element_type=\"container\">\n\t\t\t\t<div class=\"elementor-element elementor-element-abc242b elementor-invisible elementor-widget elementor-widget-image\" data-id=\"abc242b\" data-element_type=\"widget\" data-settings=\"{&quot;_animation&quot;:&quot;zoomIn&quot;}\" data-widget_type=\"image.default\">\n\t\t\t\t<div class=\"elementor-widget-container\">\n\t\t\t\t\t\t\t\t\t\t\t\t\t\t\t\t<a href=\"https:\/\/travelguideplanet.com\/en\/excursions\/\">\n\t\t\t\t\t\t\t<img fetchpriority=\"high\" decoding=\"async\" width=\"640\" height=\"640\" src=\"https:\/\/travelguideplanet.com\/wp-content\/uploads\/2024\/12\/Design-sans-titrexe.png\" class=\"elementor-animation-shrink attachment-large size-large wp-image-7431\" alt=\"\" srcset=\"https:\/\/travelguideplanet.com\/wp-content\/uploads\/2024\/12\/Design-sans-titrexe.png 1024w, https:\/\/travelguideplanet.com\/wp-content\/uploads\/2024\/12\/Design-sans-titrexe-300x300.png 300w, https:\/\/travelguideplanet.com\/wp-content\/uploads\/2024\/12\/Design-sans-titrexe-150x150.png 150w, https:\/\/travelguideplanet.com\/wp-content\/uploads\/2024\/12\/Design-sans-titrexe-768x768.png 768w, https:\/\/travelguideplanet.com\/wp-content\/uploads\/2024\/12\/Design-sans-titrexe-90x90.png 90w, https:\/\/travelguideplanet.com\/wp-content\/uploads\/2024\/12\/Design-sans-titrexe-600x600.png 600w, https:\/\/travelguideplanet.com\/wp-content\/uploads\/2024\/12\/Design-sans-titrexe-100x100.png 100w\" sizes=\"(max-width: 640px) 100vw, 640px\" \/>\t\t\t\t\t\t\t\t<\/a>\n\t\t\t\t\t\t\t\t\t\t\t\t\t\t\t<\/div>\n\t\t\t\t<\/div>\n\t\t\t\t<div class=\"elementor-element elementor-element-de88ccb elementor-widget elementor-widget-heading\" data-id=\"de88ccb\" data-element_type=\"widget\" data-widget_type=\"heading.default\">\n\t\t\t\t<div class=\"elementor-widget-container\">\n\t\t\t\t\t<h2 class=\"elementor-heading-title elementor-size-default\"><a href=\"https:\/\/travelguideplanet.com\/en\/excursions\/\">Nos Excursions <\/a><\/h2>\t\t\t\t<\/div>\n\t\t\t\t<\/div>\n\t\t\t\t<\/div>\n\t\t<div class=\"elementor-element elementor-element-94be302 e-con-full e-flex e-con e-child\" data-id=\"94be302\" data-element_type=\"container\">\n\t\t\t\t<div class=\"elementor-element elementor-element-100cf6e elementor-invisible elementor-widget elementor-widget-image\" data-id=\"100cf6e\" data-element_type=\"widget\" data-settings=\"{&quot;_animation&quot;:&quot;zoomIn&quot;}\" data-widget_type=\"image.default\">\n\t\t\t\t<div class=\"elementor-widget-container\">\n\t\t\t\t\t\t\t\t\t\t\t\t\t\t\t\t<a href=\"https:\/\/travelguideplanet.com\/en\/circuits\/\">\n\t\t\t\t\t\t\t<img decoding=\"async\" width=\"640\" height=\"640\" src=\"https:\/\/travelguideplanet.com\/wp-content\/uploads\/2024\/12\/98.png\" class=\"elementor-animation-shrink attachment-large size-large wp-image-7432\" alt=\"\" srcset=\"https:\/\/travelguideplanet.com\/wp-content\/uploads\/2024\/12\/98.png 1024w, https:\/\/travelguideplanet.com\/wp-content\/uploads\/2024\/12\/98-300x300.png 300w, https:\/\/travelguideplanet.com\/wp-content\/uploads\/2024\/12\/98-150x150.png 150w, https:\/\/travelguideplanet.com\/wp-content\/uploads\/2024\/12\/98-768x768.png 768w, https:\/\/travelguideplanet.com\/wp-content\/uploads\/2024\/12\/98-90x90.png 90w, https:\/\/travelguideplanet.com\/wp-content\/uploads\/2024\/12\/98-600x600.png 600w, https:\/\/travelguideplanet.com\/wp-content\/uploads\/2024\/12\/98-100x100.png 100w\" sizes=\"(max-width: 640px) 100vw, 640px\" \/>\t\t\t\t\t\t\t\t<\/a>\n\t\t\t\t\t\t\t\t\t\t\t\t\t\t\t<\/div>\n\t\t\t\t<\/div>\n\t\t\t\t<div class=\"elementor-element elementor-element-aa8f405 elementor-widget elementor-widget-heading\" data-id=\"aa8f405\" data-element_type=\"widget\" data-widget_type=\"heading.default\">\n\t\t\t\t<div class=\"elementor-widget-container\">\n\t\t\t\t\t<h2 class=\"elementor-heading-title elementor-size-default\"><a href=\"https:\/\/travelguideplanet.com\/en\/circuits\/\">Nos Circuits<\/a><\/h2>\t\t\t\t<\/div>\n\t\t\t\t<\/div>\n\t\t\t\t<\/div>\n\t\t<div class=\"elementor-element elementor-element-672514f e-con-full e-flex e-con e-child\" data-id=\"672514f\" data-element_type=\"container\">\n\t\t\t\t<div class=\"elementor-element elementor-element-af642df elementor-invisible elementor-widget elementor-widget-image\" data-id=\"af642df\" data-element_type=\"widget\" data-settings=\"{&quot;_animation&quot;:&quot;zoomIn&quot;}\" data-widget_type=\"image.default\">\n\t\t\t\t<div class=\"elementor-widget-container\">\n\t\t\t\t\t\t\t\t\t\t\t\t\t\t\t\t<a href=\"https:\/\/travelguideplanet.com\/en\/randonnees-treks\/\">\n\t\t\t\t\t\t\t<img decoding=\"async\" width=\"640\" height=\"640\" src=\"https:\/\/travelguideplanet.com\/wp-content\/uploads\/2024\/12\/446.png\" class=\"elementor-animation-shrink attachment-large size-large wp-image-7434\" alt=\"\" srcset=\"https:\/\/travelguideplanet.com\/wp-content\/uploads\/2024\/12\/446.png 1024w, https:\/\/travelguideplanet.com\/wp-content\/uploads\/2024\/12\/446-300x300.png 300w, https:\/\/travelguideplanet.com\/wp-content\/uploads\/2024\/12\/446-150x150.png 150w, https:\/\/travelguideplanet.com\/wp-content\/uploads\/2024\/12\/446-768x768.png 768w, https:\/\/travelguideplanet.com\/wp-content\/uploads\/2024\/12\/446-90x90.png 90w, https:\/\/travelguideplanet.com\/wp-content\/uploads\/2024\/12\/446-600x600.png 600w, https:\/\/travelguideplanet.com\/wp-content\/uploads\/2024\/12\/446-100x100.png 100w\" sizes=\"(max-width: 640px) 100vw, 640px\" \/>\t\t\t\t\t\t\t\t<\/a>\n\t\t\t\t\t\t\t\t\t\t\t\t\t\t\t<\/div>\n\t\t\t\t<\/div>\n\t\t\t\t<div class=\"elementor-element elementor-element-99ba96a elementor-widget elementor-widget-heading\" data-id=\"99ba96a\" data-element_type=\"widget\" data-widget_type=\"heading.default\">\n\t\t\t\t<div class=\"elementor-widget-container\">\n\t\t\t\t\t<h2 class=\"elementor-heading-title elementor-size-default\"><a href=\"https:\/\/travelguideplanet.com\/en\/randonnees-treks\/\">Nos Randonn\u00e9es &amp; Treks<\/a><\/h2>\t\t\t\t<\/div>\n\t\t\t\t<\/div>\n\t\t\t\t<\/div>\n\t\t<div class=\"elementor-element elementor-element-184f4df e-con-full e-flex e-con e-child\" data-id=\"184f4df\" data-element_type=\"container\">\n\t\t\t\t<div class=\"elementor-element elementor-element-095a162 elementor-invisible elementor-widget elementor-widget-image\" data-id=\"095a162\" data-element_type=\"widget\" data-settings=\"{&quot;_animation&quot;:&quot;zoomIn&quot;}\" data-widget_type=\"image.default\">\n\t\t\t\t<div class=\"elementor-widget-container\">\n\t\t\t\t\t\t\t\t\t\t\t\t\t\t\t\t<a href=\"https:\/\/travelguideplanet.com\/en\/evenements-a-la-carte\/\">\n\t\t\t\t\t\t\t<img loading=\"lazy\" decoding=\"async\" width=\"640\" height=\"640\" src=\"https:\/\/travelguideplanet.com\/wp-content\/uploads\/2024\/12\/45.png\" class=\"elementor-animation-shrink attachment-large size-large wp-image-8794\" alt=\"\" srcset=\"https:\/\/travelguideplanet.com\/wp-content\/uploads\/2024\/12\/45.png 1024w, https:\/\/travelguideplanet.com\/wp-content\/uploads\/2024\/12\/45-300x300.png 300w, https:\/\/travelguideplanet.com\/wp-content\/uploads\/2024\/12\/45-150x150.png 150w, https:\/\/travelguideplanet.com\/wp-content\/uploads\/2024\/12\/45-768x768.png 768w, https:\/\/travelguideplanet.com\/wp-content\/uploads\/2024\/12\/45-12x12.png 12w, https:\/\/travelguideplanet.com\/wp-content\/uploads\/2024\/12\/45-90x90.png 90w, https:\/\/travelguideplanet.com\/wp-content\/uploads\/2024\/12\/45-600x600.png 600w, https:\/\/travelguideplanet.com\/wp-content\/uploads\/2024\/12\/45-100x100.png 100w\" sizes=\"(max-width: 640px) 100vw, 640px\" \/>\t\t\t\t\t\t\t\t<\/a>\n\t\t\t\t\t\t\t\t\t\t\t\t\t\t\t<\/div>\n\t\t\t\t<\/div>\n\t\t\t\t<div class=\"elementor-element elementor-element-68638ef elementor-widget elementor-widget-heading\" data-id=\"68638ef\" data-element_type=\"widget\" data-widget_type=\"heading.default\">\n\t\t\t\t<div class=\"elementor-widget-container\">\n\t\t\t\t\t<h2 class=\"elementor-heading-title elementor-size-default\"><a href=\"https:\/\/travelguideplanet.com\/en\/evenements-a-la-carte\/\">\u00c9v\u00e8nements \u00e0 la carte<\/a><\/h2>\t\t\t\t<\/div>\n\t\t\t\t<\/div>\n\t\t\t\t<\/div>\n\t\t\t\t\t<\/div>\n\t\t\t\t<\/div>\n\t\t\t\t<\/div>","protected":false},"excerpt":{"rendered":"<p>NOS VOYAGES Nos Excursions Nos Circuits Nos Randonn\u00e9es &amp; Treks \u00c9v\u00e8nements \u00e0 la carte<\/p>","protected":false},"author":1,"featured_media":0,"parent":0,"menu_order":0,"comment_status":"closed","ping_status":"closed","template":"elementor_header_footer","meta":{"_joinchat":[],"footnotes":""},"class_list":["post-7033","page","type-page","status-publish","hentry"],"yoast_head":"<!-- This site is optimized with the Yoast SEO plugin v26.5 - https:\/\/yoast.com\/wordpress\/plugins\/seo\/ -->\n<title>Nos voyages - Travel Guide Planet<\/title>\n<meta name=\"robots\" content=\"index, follow, max-snippet:-1, max-image-preview:large, max-video-preview:-1\" \/>\n<link rel=\"canonical\" href=\"https:\/\/travelguideplanet.com\/en\/nos-voyages\/\" \/>\n<meta property=\"og:locale\" content=\"en_US\" \/>\n<meta property=\"og:type\" content=\"article\" \/>\n<meta property=\"og:title\" content=\"Nos voyages - Travel Guide Planet\" \/>\n<meta property=\"og:description\" content=\"NOS VOYAGES Nos Excursions Nos Circuits Nos Randonn\u00e9es &amp; Treks \u00c9v\u00e8nements \u00e0 la carte\" \/>\n<meta property=\"og:url\" content=\"https:\/\/travelguideplanet.com\/en\/nos-voyages\/\" \/>\n<meta property=\"og:site_name\" content=\"Travel Guide Planet\" \/>\n<meta property=\"article:modified_time\" content=\"2024-12-27T11:24:57+00:00\" \/>\n<meta property=\"og:image\" content=\"https:\/\/travelguideplanet.com\/wp-content\/uploads\/2024\/12\/Design-sans-titrexe.png\" \/>\n\t<meta property=\"og:image:width\" content=\"1024\" \/>\n\t<meta property=\"og:image:height\" content=\"1024\" \/>\n\t<meta property=\"og:image:type\" content=\"image\/png\" \/>\n<meta name=\"twitter:card\" content=\"summary_large_image\" \/>\n<script type=\"application\/ld+json\" class=\"yoast-schema-graph\">{\"@context\":\"https:\/\/schema.org\",\"@graph\":[{\"@type\":\"WebPage\",\"@id\":\"https:\/\/travelguideplanet.com\/nos-voyages\/\",\"url\":\"https:\/\/travelguideplanet.com\/nos-voyages\/\",\"name\":\"Nos voyages - Travel Guide Planet\",\"isPartOf\":{\"@id\":\"https:\/\/travelguideplanet.com\/#website\"},\"primaryImageOfPage\":{\"@id\":\"https:\/\/travelguideplanet.com\/nos-voyages\/#primaryimage\"},\"image\":{\"@id\":\"https:\/\/travelguideplanet.com\/nos-voyages\/#primaryimage\"},\"thumbnailUrl\":\"https:\/\/travelguideplanet.com\/wp-content\/uploads\/2024\/12\/Design-sans-titrexe.png\",\"datePublished\":\"2021-02-16T04:37:58+00:00\",\"dateModified\":\"2024-12-27T11:24:57+00:00\",\"breadcrumb\":{\"@id\":\"https:\/\/travelguideplanet.com\/nos-voyages\/#breadcrumb\"},\"inLanguage\":\"en-US\",\"potentialAction\":[{\"@type\":\"ReadAction\",\"target\":[\"https:\/\/travelguideplanet.com\/nos-voyages\/\"]}]},{\"@type\":\"ImageObject\",\"inLanguage\":\"en-US\",\"@id\":\"https:\/\/travelguideplanet.com\/nos-voyages\/#primaryimage\",\"url\":\"https:\/\/travelguideplanet.com\/wp-content\/uploads\/2024\/12\/Design-sans-titrexe.png\",\"contentUrl\":\"https:\/\/travelguideplanet.com\/wp-content\/uploads\/2024\/12\/Design-sans-titrexe.png\"},{\"@type\":\"BreadcrumbList\",\"@id\":\"https:\/\/travelguideplanet.com\/nos-voyages\/#breadcrumb\",\"itemListElement\":[{\"@type\":\"ListItem\",\"position\":1,\"name\":\"Accueil\",\"item\":\"https:\/\/travelguideplanet.com\/\"},{\"@type\":\"ListItem\",\"position\":2,\"name\":\"Nos voyages\"}]},{\"@type\":\"WebSite\",\"@id\":\"https:\/\/travelguideplanet.com\/#website\",\"url\":\"https:\/\/travelguideplanet.com\/\",\"name\":\"Travel Guide Planet\",\"description\":\"Travel Guide Planet : Le Maroc, Authentique et Inoubliable \u00e0 Chaque Pas\",\"publisher\":{\"@id\":\"https:\/\/travelguideplanet.com\/#organization\"},\"potentialAction\":[{\"@type\":\"SearchAction\",\"target\":{\"@type\":\"EntryPoint\",\"urlTemplate\":\"https:\/\/travelguideplanet.com\/?s={search_term_string}\"},\"query-input\":{\"@type\":\"PropertyValueSpecification\",\"valueRequired\":true,\"valueName\":\"search_term_string\"}}],\"inLanguage\":\"en-US\"},{\"@type\":\"Organization\",\"@id\":\"https:\/\/travelguideplanet.com\/#organization\",\"name\":\"Travel Guide Planet\",\"url\":\"https:\/\/travelguideplanet.com\/\",\"logo\":{\"@type\":\"ImageObject\",\"inLanguage\":\"en-US\",\"@id\":\"https:\/\/travelguideplanet.com\/#\/schema\/logo\/image\/\",\"url\":\"https:\/\/travelguideplanet.com\/wp-content\/uploads\/2024\/12\/cropped-Logo-png-TOUR-TRVAEL-PLANET-.png\",\"contentUrl\":\"https:\/\/travelguideplanet.com\/wp-content\/uploads\/2024\/12\/cropped-Logo-png-TOUR-TRVAEL-PLANET-.png\",\"width\":500,\"height\":500,\"caption\":\"Travel Guide Planet\"},\"image\":{\"@id\":\"https:\/\/travelguideplanet.com\/#\/schema\/logo\/image\/\"}}]}<\/script>\n<!-- \/ Yoast SEO plugin. -->","yoast_head_json":{"title":"Nos voyages - Travel Guide Planet","robots":{"index":"index","follow":"follow","max-snippet":"max-snippet:-1","max-image-preview":"max-image-preview:large","max-video-preview":"max-video-preview:-1"},"canonical":"https:\/\/travelguideplanet.com\/en\/nos-voyages\/","og_locale":"en_US","og_type":"article","og_title":"Nos voyages - Travel Guide Planet","og_description":"NOS VOYAGES Nos Excursions Nos Circuits Nos Randonn\u00e9es &amp; Treks \u00c9v\u00e8nements \u00e0 la carte","og_url":"https:\/\/travelguideplanet.com\/en\/nos-voyages\/","og_site_name":"Travel Guide Planet","article_modified_time":"2024-12-27T11:24:57+00:00","og_image":[{"width":1024,"height":1024,"url":"https:\/\/travelguideplanet.com\/wp-content\/uploads\/2024\/12\/Design-sans-titrexe.png","type":"image\/png"}],"twitter_card":"summary_large_image","schema":{"@context":"https:\/\/schema.org","@graph":[{"@type":"WebPage","@id":"https:\/\/travelguideplanet.com\/nos-voyages\/","url":"https:\/\/travelguideplanet.com\/nos-voyages\/","name":"Nos voyages - Travel Guide Planet","isPartOf":{"@id":"https:\/\/travelguideplanet.com\/#website"},"primaryImageOfPage":{"@id":"https:\/\/travelguideplanet.com\/nos-voyages\/#primaryimage"},"image":{"@id":"https:\/\/travelguideplanet.com\/nos-voyages\/#primaryimage"},"thumbnailUrl":"https:\/\/travelguideplanet.com\/wp-content\/uploads\/2024\/12\/Design-sans-titrexe.png","datePublished":"2021-02-16T04:37:58+00:00","dateModified":"2024-12-27T11:24:57+00:00","breadcrumb":{"@id":"https:\/\/travelguideplanet.com\/nos-voyages\/#breadcrumb"},"inLanguage":"en-US","potentialAction":[{"@type":"ReadAction","target":["https:\/\/travelguideplanet.com\/nos-voyages\/"]}]},{"@type":"ImageObject","inLanguage":"en-US","@id":"https:\/\/travelguideplanet.com\/nos-voyages\/#primaryimage","url":"https:\/\/travelguideplanet.com\/wp-content\/uploads\/2024\/12\/Design-sans-titrexe.png","contentUrl":"https:\/\/travelguideplanet.com\/wp-content\/uploads\/2024\/12\/Design-sans-titrexe.png"},{"@type":"BreadcrumbList","@id":"https:\/\/travelguideplanet.com\/nos-voyages\/#breadcrumb","itemListElement":[{"@type":"ListItem","position":1,"name":"Accueil","item":"https:\/\/travelguideplanet.com\/"},{"@type":"ListItem","position":2,"name":"Nos voyages"}]},{"@type":"WebSite","@id":"https:\/\/travelguideplanet.com\/#website","url":"https:\/\/travelguideplanet.com\/","name":"Travel Guide Planet","description":"Travel Guide Planet : Le Maroc, Authentique et Inoubliable \u00e0 Chaque Pas","publisher":{"@id":"https:\/\/travelguideplanet.com\/#organization"},"potentialAction":[{"@type":"SearchAction","target":{"@type":"EntryPoint","urlTemplate":"https:\/\/travelguideplanet.com\/?s={search_term_string}"},"query-input":{"@type":"PropertyValueSpecification","valueRequired":true,"valueName":"search_term_string"}}],"inLanguage":"en-US"},{"@type":"Organization","@id":"https:\/\/travelguideplanet.com\/#organization","name":"Travel Guide Planet","url":"https:\/\/travelguideplanet.com\/","logo":{"@type":"ImageObject","inLanguage":"en-US","@id":"https:\/\/travelguideplanet.com\/#\/schema\/logo\/image\/","url":"https:\/\/travelguideplanet.com\/wp-content\/uploads\/2024\/12\/cropped-Logo-png-TOUR-TRVAEL-PLANET-.png","contentUrl":"https:\/\/travelguideplanet.com\/wp-content\/uploads\/2024\/12\/cropped-Logo-png-TOUR-TRVAEL-PLANET-.png","width":500,"height":500,"caption":"Travel Guide Planet"},"image":{"@id":"https:\/\/travelguideplanet.com\/#\/schema\/logo\/image\/"}}]}},"_links":{"self":[{"href":"https:\/\/travelguideplanet.com\/en\/wp-json\/wp\/v2\/pages\/7033","targetHints":{"allow":["GET"]}}],"collection":[{"href":"https:\/\/travelguideplanet.com\/en\/wp-json\/wp\/v2\/pages"}],"about":[{"href":"https:\/\/travelguideplanet.com\/en\/wp-json\/wp\/v2\/types\/page"}],"author":[{"embeddable":true,"href":"https:\/\/travelguideplanet.com\/en\/wp-json\/wp\/v2\/users\/1"}],"replies":[{"embeddable":true,"href":"https:\/\/travelguideplanet.com\/en\/wp-json\/wp\/v2\/comments?post=7033"}],"version-history":[{"count":43,"href":"https:\/\/travelguideplanet.com\/en\/wp-json\/wp\/v2\/pages\/7033\/revisions"}],"predecessor-version":[{"id":8803,"href":"https:\/\/travelguideplanet.com\/en\/wp-json\/wp\/v2\/pages\/7033\/revisions\/8803"}],"wp:attachment":[{"href":"https:\/\/travelguideplanet.com\/en\/wp-json\/wp\/v2\/media?parent=7033"}],"curies":[{"name":"wp","href":"https:\/\/api.w.org\/{rel}","templated":true}]}}