{"id":8217,"date":"2024-12-20T19:15:04","date_gmt":"2024-12-20T19:15:04","guid":{"rendered":"https:\/\/travelguideplanet.com\/?page_id=8217"},"modified":"2024-12-21T08:28:05","modified_gmt":"2024-12-21T08:28:05","slug":"a-propos-de-nous","status":"publish","type":"page","link":"https:\/\/travelguideplanet.com\/en\/a-propos-de-nous\/","title":{"rendered":"\u00c0 PROPOS DE NOUS"},"content":{"rendered":"<div data-elementor-type=\"wp-page\" data-elementor-id=\"8217\" class=\"elementor elementor-8217\" data-elementor-post-type=\"page\">\n\t\t\t\t<div class=\"elementor-element elementor-element-e32a121 e-con-full e-flex e-con e-parent\" data-id=\"e32a121\" data-element_type=\"container\" data-settings=\"{&quot;background_background&quot;:&quot;classic&quot;}\">\n\t\t\t\t<div class=\"elementor-element elementor-element-3b44fe1 elementor-widget elementor-widget-heading\" data-id=\"3b44fe1\" data-element_type=\"widget\" data-widget_type=\"heading.default\">\n\t\t\t\t<div class=\"elementor-widget-container\">\n\t\t\t\t\t<h2 class=\"elementor-heading-title elementor-size-default\">\u00c0 PROPOS DE NOUS<\/h2>\t\t\t\t<\/div>\n\t\t\t\t<\/div>\n\t\t\t\t<\/div>\n\t\t<div class=\"elementor-element elementor-element-69e19a63 e-con-full e-flex e-con e-parent\" data-id=\"69e19a63\" data-element_type=\"container\">\n\t\t<div class=\"elementor-element elementor-element-5f7fba17 e-con-full e-flex e-con e-child\" data-id=\"5f7fba17\" data-element_type=\"container\">\n\t\t\t\t<div class=\"elementor-element elementor-element-1eeb9de2 elementor-widget elementor-widget-heading\" data-id=\"1eeb9de2\" data-element_type=\"widget\" data-widget_type=\"heading.default\">\n\t\t\t\t<div class=\"elementor-widget-container\">\n\t\t\t\t\t<h1 class=\"elementor-heading-title elementor-size-default\">L'HISTOIRE DE TRAVEL GUIDE PLANET <\/h1>\t\t\t\t<\/div>\n\t\t\t\t<\/div>\n\t\t\t\t<div class=\"elementor-element elementor-element-1dc20ca5 elementor-widget elementor-widget-text-editor\" data-id=\"1dc20ca5\" data-element_type=\"widget\" data-widget_type=\"text-editor.default\">\n\t\t\t\t<div class=\"elementor-widget-container\">\n\t\t\t\t\t\t\t\t\t<p><strong>Travel Guide Planet<\/strong>\u00a0est une alliance de professionnels passionn\u00e9s, d\u00e9di\u00e9e \u00e0 la cr\u00e9ation de voyages uniques sur mesure pour satisfaire toutes vos envies.<br \/><br \/><\/p>\n<p>Tout commence avec Redouane Outeglaout, guide certifi\u00e9 des espaces naturels marocains depuis 2023.<\/p>\n<p>\u00ab Je suis n\u00e9 dans la vall\u00e9e d&#8217;Ait Bougmaz, au pied du M&#8217;Goun (4071 m), le deuxi\u00e8me plus haut sommet du Maroc. Apr\u00e8s un dipl\u00f4me en h\u00f4tellerie et plusieurs ann\u00e9es pass\u00e9es dans des riads et h\u00f4tels \u00e0 Marrakech, l&#8217;appel des grands espaces m\u2019a pouss\u00e9 \u00e0 changer de cap. Avant d\u2019obtenir ma certification officielle, j\u2019ai organis\u00e9 de nombreux voyages et acquis une riche exp\u00e9rience qui me permet aujourd\u2019hui de vous guider \u00e0 travers mon pays avec passion et expertise. \u00bb<br \/><br \/><\/p>\n<p>La collaboration avec Ga\u00eblle Corlay, une Fran\u00e7aise tomb\u00e9e amoureuse du Maroc il y a des ann\u00e9es, vient compl\u00e9ter cette aventure. Elle va ouvrir un riad au c\u0153ur de la m\u00e9dina pour offrir aux voyageurs bien plus qu\u2019un simple lieu de repos. En s\u2019associant avec Redouane, elle vous invite \u00e0 d\u00e9couvrir le Maroc authentique et magique, con\u00e7u sur mesure selon vos d\u00e9sirs.<\/p>\t\t\t\t\t\t\t\t<\/div>\n\t\t\t\t<\/div>\n\t\t\t\t<\/div>\n\t\t<div class=\"elementor-element elementor-element-5ee9b51 e-con-full e-flex e-con e-child\" data-id=\"5ee9b51\" data-element_type=\"container\" data-settings=\"{&quot;background_background&quot;:&quot;classic&quot;}\">\n\t\t\t\t<div class=\"elementor-element elementor-element-75bedc05 elementor-widget elementor-widget-image\" data-id=\"75bedc05\" data-element_type=\"widget\" data-widget_type=\"image.default\">\n\t\t\t\t<div class=\"elementor-widget-container\">\n\t\t\t\t\t\t\t\t\t\t\t\t\t\t\t<img fetchpriority=\"high\" decoding=\"async\" width=\"1134\" height=\"2016\" src=\"https:\/\/travelguideplanet.com\/wp-content\/uploads\/2024\/12\/WhatsApp-Image-2024-11-27-at-23.01.44.jpeg\" class=\"attachment-full size-full wp-image-8004\" alt=\"\" srcset=\"https:\/\/travelguideplanet.com\/wp-content\/uploads\/2024\/12\/WhatsApp-Image-2024-11-27-at-23.01.44.jpeg 1134w, https:\/\/travelguideplanet.com\/wp-content\/uploads\/2024\/12\/WhatsApp-Image-2024-11-27-at-23.01.44-169x300.jpeg 169w, https:\/\/travelguideplanet.com\/wp-content\/uploads\/2024\/12\/WhatsApp-Image-2024-11-27-at-23.01.44-576x1024.jpeg 576w, https:\/\/travelguideplanet.com\/wp-content\/uploads\/2024\/12\/WhatsApp-Image-2024-11-27-at-23.01.44-768x1365.jpeg 768w, https:\/\/travelguideplanet.com\/wp-content\/uploads\/2024\/12\/WhatsApp-Image-2024-11-27-at-23.01.44-864x1536.jpeg 864w, https:\/\/travelguideplanet.com\/wp-content\/uploads\/2024\/12\/WhatsApp-Image-2024-11-27-at-23.01.44-600x1067.jpeg 600w\" sizes=\"(max-width: 1134px) 100vw, 1134px\" \/>\t\t\t\t\t\t\t\t\t\t\t\t\t\t\t<\/div>\n\t\t\t\t<\/div>\n\t\t\t\t<\/div>\n\t\t\t\t<\/div>\n\t\t<div class=\"elementor-element elementor-element-6225d719 e-flex e-con-boxed e-con e-parent\" data-id=\"6225d719\" data-element_type=\"container\">\n\t\t\t\t\t<div class=\"e-con-inner\">\n\t\t<div class=\"elementor-element elementor-element-3bc17dae e-con-full e-flex e-con e-child\" data-id=\"3bc17dae\" data-element_type=\"container\">\n\t\t\t\t<div class=\"elementor-element elementor-element-69c9fffa elementor-widget elementor-widget-image\" data-id=\"69c9fffa\" data-element_type=\"widget\" data-widget_type=\"image.default\">\n\t\t\t\t<div class=\"elementor-widget-container\">\n\t\t\t\t\t\t\t\t\t\t\t\t\t\t\t<img decoding=\"async\" width=\"640\" height=\"853\" src=\"https:\/\/travelguideplanet.com\/wp-content\/uploads\/2024\/12\/WhatsApp-Image-2024-12-02-at-19.49.05-5.jpeg\" class=\"attachment-large size-large wp-image-7769\" alt=\"\" srcset=\"https:\/\/travelguideplanet.com\/wp-content\/uploads\/2024\/12\/WhatsApp-Image-2024-12-02-at-19.49.05-5.jpeg 720w, https:\/\/travelguideplanet.com\/wp-content\/uploads\/2024\/12\/WhatsApp-Image-2024-12-02-at-19.49.05-5-225x300.jpeg 225w, https:\/\/travelguideplanet.com\/wp-content\/uploads\/2024\/12\/WhatsApp-Image-2024-12-02-at-19.49.05-5-600x800.jpeg 600w\" sizes=\"(max-width: 640px) 100vw, 640px\" \/>\t\t\t\t\t\t\t\t\t\t\t\t\t\t\t<\/div>\n\t\t\t\t<\/div>\n\t\t\t\t<\/div>\n\t\t<div class=\"elementor-element elementor-element-6e1ec89e e-con-full e-flex e-con e-child\" data-id=\"6e1ec89e\" data-element_type=\"container\">\n\t\t\t\t<div class=\"elementor-element elementor-element-3b73f9a7 elementor-widget elementor-widget-heading\" data-id=\"3b73f9a7\" data-element_type=\"widget\" data-widget_type=\"heading.default\">\n\t\t\t\t<div class=\"elementor-widget-container\">\n\t\t\t\t\t<h2 class=\"elementor-heading-title elementor-size-default\">NOTRE MISSION<\/h2>\t\t\t\t<\/div>\n\t\t\t\t<\/div>\n\t\t\t\t<div class=\"elementor-element elementor-element-5c9c28ed elementor-widget elementor-widget-text-editor\" data-id=\"5c9c28ed\" data-element_type=\"widget\" data-widget_type=\"text-editor.default\">\n\t\t\t\t<div class=\"elementor-widget-container\">\n\t\t\t\t\t\t\t\t\t<p>Chez <strong>TRAVEL GUIDE PLANET,<\/strong> notre mission est de vous offrir des voyages sur mesure, alliant authenticit\u00e9 et d\u00e9couverte. Gr\u00e2ce \u00e0 l&#8217;expertise de Redouane Outeglaout, guide certifi\u00e9, et la passion de Ga\u00eblle Corlay pour le Maroc, nous cr\u00e9ons des exp\u00e9riences uniques, adapt\u00e9es \u00e0 vos envies. Notre objectif : vous faire vivre des moments inoubliables, en immersion totale dans la beaut\u00e9 et la culture du Maroc, avec un service personnalis\u00e9 et de qualit\u00e9.<\/p>\t\t\t\t\t\t\t\t<\/div>\n\t\t\t\t<\/div>\n\t\t\t\t<\/div>\n\t\t\t\t\t<\/div>\n\t\t\t\t<\/div>\n\t\t<div class=\"elementor-element elementor-element-1bcf56da e-flex e-con-boxed e-con e-parent\" data-id=\"1bcf56da\" data-element_type=\"container\">\n\t\t\t\t\t<div class=\"e-con-inner\">\n\t\t<div class=\"elementor-element elementor-element-1cbbcab e-con-full e-flex e-con e-child\" data-id=\"1cbbcab\" data-element_type=\"container\">\n\t\t\t\t<div class=\"elementor-element elementor-element-251b4826 elementor-widget elementor-widget-heading\" data-id=\"251b4826\" data-element_type=\"widget\" data-widget_type=\"heading.default\">\n\t\t\t\t<div class=\"elementor-widget-container\">\n\t\t\t\t\t<h2 class=\"elementor-heading-title elementor-size-default\">POURQUOI NOUS CHOISIR ?<\/h2>\t\t\t\t<\/div>\n\t\t\t\t<\/div>\n\t\t\t\t<div class=\"elementor-element elementor-element-656fa375 elementor-widget elementor-widget-text-editor\" data-id=\"656fa375\" data-element_type=\"widget\" data-widget_type=\"text-editor.default\">\n\t\t\t\t<div class=\"elementor-widget-container\">\n\t\t\t\t\t\t\t\t\t<p>Avec TRAVEL GUIDE PLANET, vous optez pour une exp\u00e9rience unique et personnalis\u00e9e. Notre expertise locale, combin\u00e9e \u00e0 notre passion pour le Maroc, garantit des voyages authentiques et sur mesure, loin des circuits touristiques classiques. Nous vous offrons un accompagnement de qualit\u00e9, vous permettant de d\u00e9couvrir le Maroc sous un angle diff\u00e9rent et de cr\u00e9er des souvenirs inoubliables.<\/p>\n<p>\u00a0<\/p>\t\t\t\t\t\t\t\t<\/div>\n\t\t\t\t<\/div>\n\t\t\t\t<div class=\"elementor-element elementor-element-65914f8a elementor-align-left elementor-icon-list--layout-traditional elementor-list-item-link-full_width elementor-widget elementor-widget-icon-list\" data-id=\"65914f8a\" data-element_type=\"widget\" data-widget_type=\"icon-list.default\">\n\t\t\t\t<div class=\"elementor-widget-container\">\n\t\t\t\t\t\t\t<ul class=\"elementor-icon-list-items\">\n\t\t\t\t\t\t\t<li class=\"elementor-icon-list-item\">\n\t\t\t\t\t\t\t\t\t\t\t<a href=\"#\">\n\n\t\t\t\t\t\t\t\t\t\t\t\t<span class=\"elementor-icon-list-icon\">\n\t\t\t\t\t\t\t<svg aria-hidden=\"true\" class=\"e-font-icon-svg e-fas-square-full\" viewbox=\"0 0 512 512\" xmlns=\"http:\/\/www.w3.org\/2000\/svg\"><path d=\"M512 512H0V0h512v512z\"><\/path><\/svg>\t\t\t\t\t\t<\/span>\n\t\t\t\t\t\t\t\t\t\t<span class=\"elementor-icon-list-text\">Voyages sur mesure : Chaque itin\u00e9raire est con\u00e7u selon vos envies et pr\u00e9f\u00e9rences.<\/span>\n\t\t\t\t\t\t\t\t\t\t\t<\/a>\n\t\t\t\t\t\t\t\t\t<\/li>\n\t\t\t\t\t\t\t\t<li class=\"elementor-icon-list-item\">\n\t\t\t\t\t\t\t\t\t\t\t<a href=\"#\">\n\n\t\t\t\t\t\t\t\t\t\t\t\t<span class=\"elementor-icon-list-icon\">\n\t\t\t\t\t\t\t<svg aria-hidden=\"true\" class=\"e-font-icon-svg e-fas-square-full\" viewbox=\"0 0 512 512\" xmlns=\"http:\/\/www.w3.org\/2000\/svg\"><path d=\"M512 512H0V0h512v512z\"><\/path><\/svg>\t\t\t\t\t\t<\/span>\n\t\t\t\t\t\t\t\t\t\t<span class=\"elementor-icon-list-text\">Expertise locale : Redouane, guide certifi\u00e9, vous emm\u00e8ne dans des lieux inaccessibles et fascinants.<\/span>\n\t\t\t\t\t\t\t\t\t\t\t<\/a>\n\t\t\t\t\t\t\t\t\t<\/li>\n\t\t\t\t\t\t\t\t<li class=\"elementor-icon-list-item\">\n\t\t\t\t\t\t\t\t\t\t\t<a href=\"#\">\n\n\t\t\t\t\t\t\t\t\t\t\t\t<span class=\"elementor-icon-list-icon\">\n\t\t\t\t\t\t\t<svg aria-hidden=\"true\" class=\"e-font-icon-svg e-fas-square-full\" viewbox=\"0 0 512 512\" xmlns=\"http:\/\/www.w3.org\/2000\/svg\"><path d=\"M512 512H0V0h512v512z\"><\/path><\/svg>\t\t\t\t\t\t<\/span>\n\t\t\t\t\t\t\t\t\t\t<span class=\"elementor-icon-list-text\">Service personnalis\u00e9 : Un accompagnement sur mesure, avec une attention particuli\u00e8re \u00e0 chaque d\u00e9tail.<\/span>\n\t\t\t\t\t\t\t\t\t\t\t<\/a>\n\t\t\t\t\t\t\t\t\t<\/li>\n\t\t\t\t\t\t<\/ul>\n\t\t\t\t\t\t<\/div>\n\t\t\t\t<\/div>\n\t\t\t\t<\/div>\n\t\t<div class=\"elementor-element elementor-element-348e43c2 e-con-full e-flex e-con e-child\" data-id=\"348e43c2\" data-element_type=\"container\">\n\t\t\t\t<div class=\"elementor-element elementor-element-485dc4ef elementor-widget elementor-widget-image\" data-id=\"485dc4ef\" data-element_type=\"widget\" data-widget_type=\"image.default\">\n\t\t\t\t<div class=\"elementor-widget-container\">\n\t\t\t\t\t\t\t\t\t\t\t\t\t\t\t<img decoding=\"async\" width=\"640\" height=\"800\" src=\"https:\/\/travelguideplanet.com\/wp-content\/uploads\/2024\/12\/WhatsApp-Image-2024-11-28-at-14.13.33.jpeg\" class=\"attachment-large size-large wp-image-7962\" alt=\"\" srcset=\"https:\/\/travelguideplanet.com\/wp-content\/uploads\/2024\/12\/WhatsApp-Image-2024-11-28-at-14.13.33.jpeg 720w, https:\/\/travelguideplanet.com\/wp-content\/uploads\/2024\/12\/WhatsApp-Image-2024-11-28-at-14.13.33-240x300.jpeg 240w, https:\/\/travelguideplanet.com\/wp-content\/uploads\/2024\/12\/WhatsApp-Image-2024-11-28-at-14.13.33-600x750.jpeg 600w\" sizes=\"(max-width: 640px) 100vw, 640px\" \/>\t\t\t\t\t\t\t\t\t\t\t\t\t\t\t<\/div>\n\t\t\t\t<\/div>\n\t\t\t\t<\/div>\n\t\t\t\t\t<\/div>\n\t\t\t\t<\/div>\n\t\t<div class=\"elementor-element elementor-element-bf5b72d e-flex e-con-boxed e-con e-parent\" data-id=\"bf5b72d\" data-element_type=\"container\">\n\t\t\t\t\t<div class=\"e-con-inner\">\n\t\t\t\t<div class=\"elementor-element elementor-element-ea440a2 elementor-widget elementor-widget-spacer\" data-id=\"ea440a2\" data-element_type=\"widget\" data-widget_type=\"spacer.default\">\n\t\t\t\t<div class=\"elementor-widget-container\">\n\t\t\t\t\t\t\t<div class=\"elementor-spacer\">\n\t\t\t<div class=\"elementor-spacer-inner\"><\/div>\n\t\t<\/div>\n\t\t\t\t\t\t<\/div>\n\t\t\t\t<\/div>\n\t\t\t\t\t<\/div>\n\t\t\t\t<\/div>\n\t\t\t\t<\/div>","protected":false},"excerpt":{"rendered":"<p>\u00c0 PROPOS DE NOUS L&#8217;HISTOIRE DE TRAVEL GUIDE PLANET Travel Guide Planet\u00a0est une alliance de professionnels passionn\u00e9s, d\u00e9di\u00e9e \u00e0 la cr\u00e9ation de voyages uniques sur mesure pour satisfaire toutes vos envies. Tout commence avec Redouane Outeglaout, guide certifi\u00e9 des espaces naturels marocains depuis 2023. \u00ab Je suis n\u00e9 dans la vall\u00e9e d&#8217;Ait Bougmaz, au pied [&hellip;]<\/p>","protected":false},"author":1,"featured_media":0,"parent":0,"menu_order":0,"comment_status":"closed","ping_status":"closed","template":"elementor_header_footer","meta":{"_joinchat":[],"footnotes":""},"class_list":["post-8217","page","type-page","status-publish","hentry"],"yoast_head":"<!-- This site is optimized with the Yoast SEO plugin v26.5 - https:\/\/yoast.com\/wordpress\/plugins\/seo\/ -->\n<title>\u00c0 PROPOS DE NOUS - Travel Guide Planet<\/title>\n<meta name=\"robots\" content=\"index, follow, max-snippet:-1, max-image-preview:large, max-video-preview:-1\" \/>\n<link rel=\"canonical\" href=\"https:\/\/travelguideplanet.com\/en\/a-propos-de-nous\/\" \/>\n<meta property=\"og:locale\" content=\"en_US\" \/>\n<meta property=\"og:type\" content=\"article\" \/>\n<meta property=\"og:title\" content=\"\u00c0 PROPOS DE NOUS - Travel Guide Planet\" \/>\n<meta property=\"og:description\" content=\"\u00c0 PROPOS DE NOUS L&#8217;HISTOIRE DE TRAVEL GUIDE PLANET Travel Guide Planet\u00a0est une alliance de professionnels passionn\u00e9s, d\u00e9di\u00e9e \u00e0 la cr\u00e9ation de voyages uniques sur mesure pour satisfaire toutes vos envies. Tout commence avec Redouane Outeglaout, guide certifi\u00e9 des espaces naturels marocains depuis 2023. \u00ab Je suis n\u00e9 dans la vall\u00e9e d&#8217;Ait Bougmaz, au pied [&hellip;]\" \/>\n<meta property=\"og:url\" content=\"https:\/\/travelguideplanet.com\/en\/a-propos-de-nous\/\" \/>\n<meta property=\"og:site_name\" content=\"Travel Guide Planet\" \/>\n<meta property=\"article:modified_time\" content=\"2024-12-21T08:28:05+00:00\" \/>\n<meta property=\"og:image\" content=\"https:\/\/travelguideplanet.com\/wp-content\/uploads\/2024\/12\/WhatsApp-Image-2024-11-27-at-23.01.44.jpeg\" \/>\n\t<meta property=\"og:image:width\" content=\"1134\" \/>\n\t<meta property=\"og:image:height\" content=\"2016\" \/>\n\t<meta property=\"og:image:type\" content=\"image\/jpeg\" \/>\n<meta name=\"twitter:card\" content=\"summary_large_image\" \/>\n<meta name=\"twitter:label1\" content=\"Est. reading time\" \/>\n\t<meta name=\"twitter:data1\" content=\"2 minutes\" \/>\n<script type=\"application\/ld+json\" class=\"yoast-schema-graph\">{\"@context\":\"https:\/\/schema.org\",\"@graph\":[{\"@type\":\"WebPage\",\"@id\":\"https:\/\/travelguideplanet.com\/a-propos-de-nous\/\",\"url\":\"https:\/\/travelguideplanet.com\/a-propos-de-nous\/\",\"name\":\"\u00c0 PROPOS DE NOUS - Travel Guide Planet\",\"isPartOf\":{\"@id\":\"https:\/\/travelguideplanet.com\/#website\"},\"primaryImageOfPage\":{\"@id\":\"https:\/\/travelguideplanet.com\/a-propos-de-nous\/#primaryimage\"},\"image\":{\"@id\":\"https:\/\/travelguideplanet.com\/a-propos-de-nous\/#primaryimage\"},\"thumbnailUrl\":\"https:\/\/travelguideplanet.com\/wp-content\/uploads\/2024\/12\/WhatsApp-Image-2024-11-27-at-23.01.44.jpeg\",\"datePublished\":\"2024-12-20T19:15:04+00:00\",\"dateModified\":\"2024-12-21T08:28:05+00:00\",\"breadcrumb\":{\"@id\":\"https:\/\/travelguideplanet.com\/a-propos-de-nous\/#breadcrumb\"},\"inLanguage\":\"en-US\",\"potentialAction\":[{\"@type\":\"ReadAction\",\"target\":[\"https:\/\/travelguideplanet.com\/a-propos-de-nous\/\"]}]},{\"@type\":\"ImageObject\",\"inLanguage\":\"en-US\",\"@id\":\"https:\/\/travelguideplanet.com\/a-propos-de-nous\/#primaryimage\",\"url\":\"https:\/\/travelguideplanet.com\/wp-content\/uploads\/2024\/12\/WhatsApp-Image-2024-11-27-at-23.01.44.jpeg\",\"contentUrl\":\"https:\/\/travelguideplanet.com\/wp-content\/uploads\/2024\/12\/WhatsApp-Image-2024-11-27-at-23.01.44.jpeg\"},{\"@type\":\"BreadcrumbList\",\"@id\":\"https:\/\/travelguideplanet.com\/a-propos-de-nous\/#breadcrumb\",\"itemListElement\":[{\"@type\":\"ListItem\",\"position\":1,\"name\":\"Accueil\",\"item\":\"https:\/\/travelguideplanet.com\/\"},{\"@type\":\"ListItem\",\"position\":2,\"name\":\"\u00c0 PROPOS DE NOUS\"}]},{\"@type\":\"WebSite\",\"@id\":\"https:\/\/travelguideplanet.com\/#website\",\"url\":\"https:\/\/travelguideplanet.com\/\",\"name\":\"Travel Guide Planet\",\"description\":\"Travel Guide Planet : Le Maroc, Authentique et Inoubliable \u00e0 Chaque Pas\",\"publisher\":{\"@id\":\"https:\/\/travelguideplanet.com\/#organization\"},\"potentialAction\":[{\"@type\":\"SearchAction\",\"target\":{\"@type\":\"EntryPoint\",\"urlTemplate\":\"https:\/\/travelguideplanet.com\/?s={search_term_string}\"},\"query-input\":{\"@type\":\"PropertyValueSpecification\",\"valueRequired\":true,\"valueName\":\"search_term_string\"}}],\"inLanguage\":\"en-US\"},{\"@type\":\"Organization\",\"@id\":\"https:\/\/travelguideplanet.com\/#organization\",\"name\":\"Travel Guide Planet\",\"url\":\"https:\/\/travelguideplanet.com\/\",\"logo\":{\"@type\":\"ImageObject\",\"inLanguage\":\"en-US\",\"@id\":\"https:\/\/travelguideplanet.com\/#\/schema\/logo\/image\/\",\"url\":\"https:\/\/travelguideplanet.com\/wp-content\/uploads\/2024\/12\/cropped-Logo-png-TOUR-TRVAEL-PLANET-.png\",\"contentUrl\":\"https:\/\/travelguideplanet.com\/wp-content\/uploads\/2024\/12\/cropped-Logo-png-TOUR-TRVAEL-PLANET-.png\",\"width\":500,\"height\":500,\"caption\":\"Travel Guide Planet\"},\"image\":{\"@id\":\"https:\/\/travelguideplanet.com\/#\/schema\/logo\/image\/\"}}]}<\/script>\n<!-- \/ Yoast SEO plugin. -->","yoast_head_json":{"title":"\u00c0 PROPOS DE NOUS - Travel Guide Planet","robots":{"index":"index","follow":"follow","max-snippet":"max-snippet:-1","max-image-preview":"max-image-preview:large","max-video-preview":"max-video-preview:-1"},"canonical":"https:\/\/travelguideplanet.com\/en\/a-propos-de-nous\/","og_locale":"en_US","og_type":"article","og_title":"\u00c0 PROPOS DE NOUS - Travel Guide Planet","og_description":"\u00c0 PROPOS DE NOUS L&#8217;HISTOIRE DE TRAVEL GUIDE PLANET Travel Guide Planet\u00a0est une alliance de professionnels passionn\u00e9s, d\u00e9di\u00e9e \u00e0 la cr\u00e9ation de voyages uniques sur mesure pour satisfaire toutes vos envies. Tout commence avec Redouane Outeglaout, guide certifi\u00e9 des espaces naturels marocains depuis 2023. \u00ab Je suis n\u00e9 dans la vall\u00e9e d&#8217;Ait Bougmaz, au pied [&hellip;]","og_url":"https:\/\/travelguideplanet.com\/en\/a-propos-de-nous\/","og_site_name":"Travel Guide Planet","article_modified_time":"2024-12-21T08:28:05+00:00","og_image":[{"width":1134,"height":2016,"url":"https:\/\/travelguideplanet.com\/wp-content\/uploads\/2024\/12\/WhatsApp-Image-2024-11-27-at-23.01.44.jpeg","type":"image\/jpeg"}],"twitter_card":"summary_large_image","twitter_misc":{"Est. reading time":"2 minutes"},"schema":{"@context":"https:\/\/schema.org","@graph":[{"@type":"WebPage","@id":"https:\/\/travelguideplanet.com\/a-propos-de-nous\/","url":"https:\/\/travelguideplanet.com\/a-propos-de-nous\/","name":"\u00c0 PROPOS DE NOUS - Travel Guide Planet","isPartOf":{"@id":"https:\/\/travelguideplanet.com\/#website"},"primaryImageOfPage":{"@id":"https:\/\/travelguideplanet.com\/a-propos-de-nous\/#primaryimage"},"image":{"@id":"https:\/\/travelguideplanet.com\/a-propos-de-nous\/#primaryimage"},"thumbnailUrl":"https:\/\/travelguideplanet.com\/wp-content\/uploads\/2024\/12\/WhatsApp-Image-2024-11-27-at-23.01.44.jpeg","datePublished":"2024-12-20T19:15:04+00:00","dateModified":"2024-12-21T08:28:05+00:00","breadcrumb":{"@id":"https:\/\/travelguideplanet.com\/a-propos-de-nous\/#breadcrumb"},"inLanguage":"en-US","potentialAction":[{"@type":"ReadAction","target":["https:\/\/travelguideplanet.com\/a-propos-de-nous\/"]}]},{"@type":"ImageObject","inLanguage":"en-US","@id":"https:\/\/travelguideplanet.com\/a-propos-de-nous\/#primaryimage","url":"https:\/\/travelguideplanet.com\/wp-content\/uploads\/2024\/12\/WhatsApp-Image-2024-11-27-at-23.01.44.jpeg","contentUrl":"https:\/\/travelguideplanet.com\/wp-content\/uploads\/2024\/12\/WhatsApp-Image-2024-11-27-at-23.01.44.jpeg"},{"@type":"BreadcrumbList","@id":"https:\/\/travelguideplanet.com\/a-propos-de-nous\/#breadcrumb","itemListElement":[{"@type":"ListItem","position":1,"name":"Accueil","item":"https:\/\/travelguideplanet.com\/"},{"@type":"ListItem","position":2,"name":"\u00c0 PROPOS DE NOUS"}]},{"@type":"WebSite","@id":"https:\/\/travelguideplanet.com\/#website","url":"https:\/\/travelguideplanet.com\/","name":"Travel Guide Planet","description":"Travel Guide Planet : Le Maroc, Authentique et Inoubliable \u00e0 Chaque Pas","publisher":{"@id":"https:\/\/travelguideplanet.com\/#organization"},"potentialAction":[{"@type":"SearchAction","target":{"@type":"EntryPoint","urlTemplate":"https:\/\/travelguideplanet.com\/?s={search_term_string}"},"query-input":{"@type":"PropertyValueSpecification","valueRequired":true,"valueName":"search_term_string"}}],"inLanguage":"en-US"},{"@type":"Organization","@id":"https:\/\/travelguideplanet.com\/#organization","name":"Travel Guide Planet","url":"https:\/\/travelguideplanet.com\/","logo":{"@type":"ImageObject","inLanguage":"en-US","@id":"https:\/\/travelguideplanet.com\/#\/schema\/logo\/image\/","url":"https:\/\/travelguideplanet.com\/wp-content\/uploads\/2024\/12\/cropped-Logo-png-TOUR-TRVAEL-PLANET-.png","contentUrl":"https:\/\/travelguideplanet.com\/wp-content\/uploads\/2024\/12\/cropped-Logo-png-TOUR-TRVAEL-PLANET-.png","width":500,"height":500,"caption":"Travel Guide Planet"},"image":{"@id":"https:\/\/travelguideplanet.com\/#\/schema\/logo\/image\/"}}]}},"_links":{"self":[{"href":"https:\/\/travelguideplanet.com\/en\/wp-json\/wp\/v2\/pages\/8217","targetHints":{"allow":["GET"]}}],"collection":[{"href":"https:\/\/travelguideplanet.com\/en\/wp-json\/wp\/v2\/pages"}],"about":[{"href":"https:\/\/travelguideplanet.com\/en\/wp-json\/wp\/v2\/types\/page"}],"author":[{"embeddable":true,"href":"https:\/\/travelguideplanet.com\/en\/wp-json\/wp\/v2\/users\/1"}],"replies":[{"embeddable":true,"href":"https:\/\/travelguideplanet.com\/en\/wp-json\/wp\/v2\/comments?post=8217"}],"version-history":[{"count":7,"href":"https:\/\/travelguideplanet.com\/en\/wp-json\/wp\/v2\/pages\/8217\/revisions"}],"predecessor-version":[{"id":8231,"href":"https:\/\/travelguideplanet.com\/en\/wp-json\/wp\/v2\/pages\/8217\/revisions\/8231"}],"wp:attachment":[{"href":"https:\/\/travelguideplanet.com\/en\/wp-json\/wp\/v2\/media?parent=8217"}],"curies":[{"name":"wp","href":"https:\/\/api.w.org\/{rel}","templated":true}]}}