{"id":8498,"date":"2024-12-22T15:30:07","date_gmt":"2024-12-22T15:30:07","guid":{"rendered":"https:\/\/travelguideplanet.com\/?page_id=8498"},"modified":"2024-12-22T15:42:14","modified_gmt":"2024-12-22T15:42:14","slug":"faq","status":"publish","type":"page","link":"https:\/\/travelguideplanet.com\/en\/faq\/","title":{"rendered":"FAQ"},"content":{"rendered":"<div data-elementor-type=\"wp-page\" data-elementor-id=\"8498\" class=\"elementor elementor-8498\" data-elementor-post-type=\"page\">\n\t\t\t\t<div class=\"elementor-element elementor-element-e32a121 e-con-full e-flex e-con e-parent\" data-id=\"e32a121\" data-element_type=\"container\" data-settings=\"{&quot;background_background&quot;:&quot;classic&quot;}\">\n\t\t\t\t<div class=\"elementor-element elementor-element-3b44fe1 elementor-widget elementor-widget-heading\" data-id=\"3b44fe1\" data-element_type=\"widget\" data-widget_type=\"heading.default\">\n\t\t\t\t<div class=\"elementor-widget-container\">\n\t\t\t\t\t<h2 class=\"elementor-heading-title elementor-size-default\">FAQ<\/h2>\t\t\t\t<\/div>\n\t\t\t\t<\/div>\n\t\t\t\t<\/div>\n\t\t\t\t<section class=\"elementor-section elementor-top-section elementor-element elementor-element-f1d39a2 faq-page-section elementor-section-boxed elementor-section-height-default elementor-section-height-default\" data-id=\"f1d39a2\" data-element_type=\"section\">\n\t\t\t\t\t\t<div class=\"elementor-container elementor-column-gap-no\">\n\t\t\t\t\t<div class=\"elementor-column elementor-col-100 elementor-top-column elementor-element elementor-element-7d83a0f col-lg-8 col-md-12 col-sm-12 content-side\" data-id=\"7d83a0f\" data-element_type=\"column\">\n\t\t\t<div class=\"elementor-widget-wrap elementor-element-populated\">\n\t\t\t\t\t\t<div class=\"elementor-element elementor-element-b670267 elementor-widget elementor-widget-travio_faq\" data-id=\"b670267\" data-element_type=\"widget\" data-widget_type=\"travio_faq.default\">\n\t\t\t\t<div class=\"elementor-widget-container\">\n\t\t\t\t\t\t\t<!-- faq-page-section -->\r\n\r\n\t\t\t\t\t\t<div class=\"faq-content mr-20\">\r\n\t\t\t\t\t\t\t<div class=\"sec-title\">\r\n\t\t\t\t\t\t\t\t<p>TRAVEL GUIDE PLANET <\/p>\r\n\t\t\t\t\t\t\t\t<h2>INFORMATIONS<\/h2>\r\n\t\t\t\t\t\t\t<\/div>\r\n\t\t\t\t\t\t\t<ul class=\"accordion-box\">\r\n\t\t\t\t\t\t\t\t\t\t\t\t\t\t\t\t\t<li class=\"accordion block active-block\">\r\n\t\t\t\t\t\t\t\t\t\t<div class=\"acc-btn active\">\r\n\t\t\t\t\t\t\t\t\t\t\t<div class=\"icon-outer\"><\/div>\r\n\t\t\t\t\t\t\t\t\t\t\t<h4>TOURISME SOLIDAIRE ET \u00c9THIQUE AU MAROC<\/h4>\r\n\t\t\t\t\t\t\t\t\t\t<\/div>\r\n\t\t\t\t\t\t\t\t\t\t<div class=\"acc-content current\">\r\n\t\t\t\t\t\t\t\t\t\t\t<div class=\"text\">\r\n\t\t\t\t\t\t\t\t\t\t\t\t<p>\"Chez Travel Guide Planet, nous croyons que chaque voyage est une aventure unique, faite de d\u00e9couvertes, d'adaptations et de moments inoubliables. Bien que la planification soit essentielle, nous nous effor\u00e7ons de rester flexibles et cr\u00e9atifs pour r\u00e9pondre \u00e0 vos envies et surmonter les impr\u00e9vus.<br><br>Faites confiance \u00e0 notre expertise pour transformer chaque d\u00e9fi en opportunit\u00e9 et chaque d\u00e9tour en souvenir pr\u00e9cieux. Avec nous, votre voyage au Maroc sera aussi authentique qu'inoubliable.<br><br>INFOS PRATIQUES<br><br>Pour bien pr\u00e9parer votre voyage, voici une liste de d\u00e9marches administratives \u00e0 v\u00e9rifier :<br><br>\u2022\u2060 \u2060Passeport obligatoire pour entrer au Maroc, y compris pour les enfants. Votre passeport doit \u00eatre valide au moins 6 mois apr\u00e8s votre date d'entr\u00e9e. Pensez \u00e0 scanner vos documents (passeport, carte d\u2019identit\u00e9, permis\u2026) et \u00e0 les sauvegarder en ligne (utile en cas de perte).<br>\u2022\u2060 \u2060Aucun vaccin exig\u00e9 pour l'entr\u00e9e sur le sol marocain<br><br>Pour plus d'informations, consultez :<br>https:\/\/www.amb-maroc.fr\/_maroc\/formalites.html<br>(Onglet Visiter le Maroc)<br><br>ENCADREMENT<br><br>D\u00e8s votre arriv\u00e9e \u00e0 l\u2019a\u00e9roport, vous serez pris en charge par un guide francophone agr\u00e9\u00e9 et exp\u00e9riment\u00e9.<br>Les visites des villes imp\u00e9riales seront guid\u00e9es par un expert local.\"<\/p>\r\n\t\t\t\t\t\t\t\t\t\t\t\t<ul class=\"list clearfix\">\r\n\t\t\t\t\t\t\t\t\t\t\t\t\t\t\t\t\t\t\t\t\t\t\t\t\t<\/ul>\r\n\t\t\t\t\t\t\t\t\t\t\t<\/div>\r\n\t\t\t\t\t\t\t\t\t\t<\/div>\r\n\t\t\t\t\t\t\t\t\t<\/li>\r\n\t\t\t\t\t\t\t\t\t\t\t\t\t\t\t\t\t<li class=\"accordion block\">\r\n\t\t\t\t\t\t\t\t\t\t<div class=\"acc-btn\">\r\n\t\t\t\t\t\t\t\t\t\t\t<div class=\"icon-outer\"><\/div>\r\n\t\t\t\t\t\t\t\t\t\t\t<h4>TARIFS<\/h4>\r\n\t\t\t\t\t\t\t\t\t\t<\/div>\r\n\t\t\t\t\t\t\t\t\t\t<div class=\"acc-content\">\r\n\t\t\t\t\t\t\t\t\t\t\t<div class=\"text\">\r\n\t\t\t\t\t\t\t\t\t\t\t\t<p>\"Un devis personnalis\u00e9 vous sera envoy\u00e9 sur demande en ligne<br><br>PAIEMENT (Acompte et solde)<br><br>Acompte de 20% \u00e0 r\u00e9gler par virement pour confirmer votre r\u00e9servation - Solde \u00e0 r\u00e9gler en esp\u00e8ces (EURO, CHF\u2026) \u00e0 votre arriv\u00e9e.<br><br>Excursions d\u2019un \u00e0 deux jours : paiement sur place possible.\"<\/p>\r\n\t\t\t\t\t\t\t\t\t\t\t\t<ul class=\"list clearfix\">\r\n\t\t\t\t\t\t\t\t\t\t\t\t\t\t\t\t\t\t\t\t\t\t\t\t\t<\/ul>\r\n\t\t\t\t\t\t\t\t\t\t\t<\/div>\r\n\t\t\t\t\t\t\t\t\t\t<\/div>\r\n\t\t\t\t\t\t\t\t\t<\/li>\r\n\t\t\t\t\t\t\t\t\t\t\t\t\t\t\t\t\t<li class=\"accordion block\">\r\n\t\t\t\t\t\t\t\t\t\t<div class=\"acc-btn\">\r\n\t\t\t\t\t\t\t\t\t\t\t<div class=\"icon-outer\"><\/div>\r\n\t\t\t\t\t\t\t\t\t\t\t<h4>ANNULATION DU VOYAGE<\/h4>\r\n\t\t\t\t\t\t\t\t\t\t<\/div>\r\n\t\t\t\t\t\t\t\t\t\t<div class=\"acc-content\">\r\n\t\t\t\t\t\t\t\t\t\t\t<div class=\"text\">\r\n\t\t\t\t\t\t\t\t\t\t\t\t<p>En cas d\u2019annulation 15 jours avant la date et quelque soit la raison, nous vous rembourserons int\u00e9gralement l\u2019acompte.<br><br>Si cette annulation survient apr\u00e8s ce d\u00e9lai (sauf raison imp\u00e9rative) nous garderons les 20 % d\u2019acompte.<\/p>\r\n\t\t\t\t\t\t\t\t\t\t\t\t<ul class=\"list clearfix\">\r\n\t\t\t\t\t\t\t\t\t\t\t\t\t\t\t\t\t\t\t\t\t\t\t\t\t<\/ul>\r\n\t\t\t\t\t\t\t\t\t\t\t<\/div>\r\n\t\t\t\t\t\t\t\t\t\t<\/div>\r\n\t\t\t\t\t\t\t\t\t<\/li>\r\n\t\t\t\t\t\t\t\t\t\t\t\t\t\t\t\t\t<li class=\"accordion block\">\r\n\t\t\t\t\t\t\t\t\t\t<div class=\"acc-btn\">\r\n\t\t\t\t\t\t\t\t\t\t\t<div class=\"icon-outer\"><\/div>\r\n\t\t\t\t\t\t\t\t\t\t\t<h4>ASSURANCE<\/h4>\r\n\t\t\t\t\t\t\t\t\t\t<\/div>\r\n\t\t\t\t\t\t\t\t\t\t<div class=\"acc-content\">\r\n\t\t\t\t\t\t\t\t\t\t\t<div class=\"text\">\r\n\t\t\t\t\t\t\t\t\t\t\t\t<p>Chaque voyageur doit \u00eatre muni d\u2019une attestation de responsabilit\u00e9 civile individuelle accident couvrant :<br><br>Les activit\u00e9s pr\u00e9vues durant le voyage.<br>Les frais m\u00e9dicaux et hospitaliers au Maroc.<\/p>\r\n\t\t\t\t\t\t\t\t\t\t\t\t<ul class=\"list clearfix\">\r\n\t\t\t\t\t\t\t\t\t\t\t\t\t\t\t\t\t\t\t\t\t\t\t\t\t<\/ul>\r\n\t\t\t\t\t\t\t\t\t\t\t<\/div>\r\n\t\t\t\t\t\t\t\t\t\t<\/div>\r\n\t\t\t\t\t\t\t\t\t<\/li>\r\n\t\t\t\t\t\t\t\t\t\t\t\t\t\t\t\t\t<li class=\"accordion block\">\r\n\t\t\t\t\t\t\t\t\t\t<div class=\"acc-btn\">\r\n\t\t\t\t\t\t\t\t\t\t\t<div class=\"icon-outer\"><\/div>\r\n\t\t\t\t\t\t\t\t\t\t\t<h4>MONNAIE<\/h4>\r\n\t\t\t\t\t\t\t\t\t\t<\/div>\r\n\t\t\t\t\t\t\t\t\t\t<div class=\"acc-content\">\r\n\t\t\t\t\t\t\t\t\t\t\t<div class=\"text\">\r\n\t\t\t\t\t\t\t\t\t\t\t\t<p>La monnaie locale est le dirham (MAD)<br>1 Euro \u2248 10,50 MAD<br>1 CHF \u2248 10 MAD<\/p>\r\n\t\t\t\t\t\t\t\t\t\t\t\t<ul class=\"list clearfix\">\r\n\t\t\t\t\t\t\t\t\t\t\t\t\t\t\t\t\t\t\t\t\t\t\t\t\t<\/ul>\r\n\t\t\t\t\t\t\t\t\t\t\t<\/div>\r\n\t\t\t\t\t\t\t\t\t\t<\/div>\r\n\t\t\t\t\t\t\t\t\t<\/li>\r\n\t\t\t\t\t\t\t\t\t\t\t\t\t\t\t\t\t<li class=\"accordion block\">\r\n\t\t\t\t\t\t\t\t\t\t<div class=\"acc-btn\">\r\n\t\t\t\t\t\t\t\t\t\t\t<div class=\"icon-outer\"><\/div>\r\n\t\t\t\t\t\t\t\t\t\t\t<h4>MATERIEL <\/h4>\r\n\t\t\t\t\t\t\t\t\t\t<\/div>\r\n\t\t\t\t\t\t\t\t\t\t<div class=\"acc-content\">\r\n\t\t\t\t\t\t\t\t\t\t\t<div class=\"text\">\r\n\t\t\t\t\t\t\t\t\t\t\t\t<p>Fourni pour les treks :<br>Tentes collectives (mess et cuisine)<br>Tentes individuelles ou doubles (selon demande)<br>Matelas mousse avec drap housse.<br>Mat\u00e9riel de bivouac (hors sac de couchage).<br>\u00c9quipements de cuisine complet<br>\u2022\u2060 \u2060A pr\u00e9voir<br>Une liste d\u00e9taill\u00e9e vous sera fournie lors de la r\u00e9servation<br>\u00c9vitez les valises rigides et priorisez un sac souple pour respecter le bien-\u00eatre des animaux porteurs.<\/p>\r\n\t\t\t\t\t\t\t\t\t\t\t\t<ul class=\"list clearfix\">\r\n\t\t\t\t\t\t\t\t\t\t\t\t\t\t\t\t\t\t\t\t\t\t\t\t\t<\/ul>\r\n\t\t\t\t\t\t\t\t\t\t\t<\/div>\r\n\t\t\t\t\t\t\t\t\t\t<\/div>\r\n\t\t\t\t\t\t\t\t\t<\/li>\r\n\t\t\t\t\t\t\t\t\t\t\t\t\t\t\t\t\t<li class=\"accordion block\">\r\n\t\t\t\t\t\t\t\t\t\t<div class=\"acc-btn\">\r\n\t\t\t\t\t\t\t\t\t\t\t<div class=\"icon-outer\"><\/div>\r\n\t\t\t\t\t\t\t\t\t\t\t<h4>BROCHURE DE VOYAGE<\/h4>\r\n\t\t\t\t\t\t\t\t\t\t<\/div>\r\n\t\t\t\t\t\t\t\t\t\t<div class=\"acc-content\">\r\n\t\t\t\t\t\t\t\t\t\t\t<div class=\"text\">\r\n\t\t\t\t\t\t\t\t\t\t\t\t<p>Une brochure compl\u00e8te vous sera envoy\u00e9e sur demande avec :<br>\u2022\u2060 \u2060L'itin\u00e9raire d\u00e9taill\u00e9 (altitudes, trajets, \u00e9tapes)<br>\u2022\u2060 \u2060Les informations pratiques<br>\u2022\u2060 \u2060Tout compl\u00e9ment d\u2019information selon vos besoins.\"<\/p>\r\n\t\t\t\t\t\t\t\t\t\t\t\t<ul class=\"list clearfix\">\r\n\t\t\t\t\t\t\t\t\t\t\t\t\t\t\t\t\t\t\t\t\t\t\t\t\t<\/ul>\r\n\t\t\t\t\t\t\t\t\t\t\t<\/div>\r\n\t\t\t\t\t\t\t\t\t\t<\/div>\r\n\t\t\t\t\t\t\t\t\t<\/li>\r\n\t\t\t\t\t\t\t\t\t\t\t\t\t\t\t\t\t<li class=\"accordion block\">\r\n\t\t\t\t\t\t\t\t\t\t<div class=\"acc-btn\">\r\n\t\t\t\t\t\t\t\t\t\t\t<div class=\"icon-outer\"><\/div>\r\n\t\t\t\t\t\t\t\t\t\t\t<h4>DIVERS<\/h4>\r\n\t\t\t\t\t\t\t\t\t\t<\/div>\r\n\t\t\t\t\t\t\t\t\t\t<div class=\"acc-content\">\r\n\t\t\t\t\t\t\t\t\t\t\t<div class=\"text\">\r\n\t\t\t\t\t\t\t\t\t\t\t\t<p>Nous prenons en charge l\u2019organisation compl\u00e8te de votre voyage, les r\u00e9servations et toute la logistique prenant en compte votre confort et votre s\u00e9curit\u00e9...<br><br>Le programme est indicatif et peut \u00eatre modifi\u00e9 par le guide pour des raisons de s\u00e9curit\u00e9 (m\u00e9t\u00e9o, terrains\u2026).<br>Les dur\u00e9es de marche sont approximatives.<br>Nous fournissons de l'eau min\u00e9rale pour garantir votre confort.<br><br>\u00ab Progressons ensemble... \u00bb<br><br>Notre \u00e9quipe est \u00e0 votre disposition pour r\u00e9pondre \u00e0 toutes vos questions.<br>Vos retours et suggestions sont pr\u00e9cieux pour am\u00e9liorer nos services et \u00e9largir nos offres.<br><br>TRAVEL GUIDE PLANET : Votre partenaire pour une escapade sur mesure au Maroc !<\/p>\r\n\t\t\t\t\t\t\t\t\t\t\t\t<ul class=\"list clearfix\">\r\n\t\t\t\t\t\t\t\t\t\t\t\t\t\t\t\t\t\t\t\t\t\t\t\t\t<\/ul>\r\n\t\t\t\t\t\t\t\t\t\t\t<\/div>\r\n\t\t\t\t\t\t\t\t\t\t<\/div>\r\n\t\t\t\t\t\t\t\t\t<\/li>\r\n\t\t\t\t\t\t\t\t\t\t\t\t\t\t\t<\/ul>\r\n\t\t\t\t\t\t<\/div>\r\n\t\t\t\t\t\r\n\t\r\n\t\t<!-- faq-page-section end -->\r\n\t\t\t\t<\/div>\n\t\t\t\t<\/div>\n\t\t\t\t\t<\/div>\n\t\t<\/div>\n\t\t\t\t\t<\/div>\n\t\t<\/section>\n\t\t<div class=\"elementor-element elementor-element-42597c8 e-flex e-con-boxed e-con e-parent\" data-id=\"42597c8\" data-element_type=\"container\">\n\t\t\t\t\t<div class=\"e-con-inner\">\n\t\t\t\t<div class=\"elementor-element elementor-element-77fdfc4 elementor-widget elementor-widget-travio_contact_form\" data-id=\"77fdfc4\" data-element_type=\"widget\" data-widget_type=\"travio_contact_form.default\">\n\t\t\t\t<div class=\"elementor-widget-container\">\n\t\t\t\t\t\r\n<!-- contact-section -->\r\n<section class=\"contact-section\">\r\n            <div class=\"auto-container\">\r\n                <div class=\"row clearfix\">\r\n                    <div class=\"col-lg-5 col-md-12 col-sm-12 content-column\">\r\n                        <div class=\"content_block_5\">\r\n                            <div class=\"content-box\">\r\n                                <div class=\"sec-title\">\r\n                                    <p>TRAVEL GUIDE PLANET <\/p>\r\n                                    <h2>Contactez-nous<\/h2>\r\n                                <\/div>\r\n                                <div class=\"text\">\r\n                                    <p>Besoin d'informations ou envie de planifier votre prochaine aventure au Maroc ? \u00c9crivez-nous, et nous vous r\u00e9pondrons rapidement !\n<br><br><li>\n  <a href=\"tel:+212601213056\">\n    <i class=\"fas fa-phone\"><\/i> +212 601 213 056\n  <\/a>\n<\/li>\n<li>\n  <a href=\"mailto:contact@travelguideplanet.com\">\n    <i class=\"fas fa-envelope\"><\/i> contact@travelguideplanet.com\n  <\/a>\n<\/li>\n<\/p>\r\n                                <\/div>\r\n                                <ul class=\"social-links clearfix\">\r\n                                    <li><a href=\"#\"><i class=\"fab fa-facebook-f\"><\/i><\/a><\/li>\n<li><a href=\"#\"><i class=\"fab fa-whatsapp\"><\/i><\/a><\/li> <br>                                <\/ul>\r\n                            <\/div>\r\n                        <\/div>\r\n                    <\/div>\r\n                    <div class=\"col-lg-7 col-md-12 col-sm-12 form-column\">\r\n                        <div class=\"form-inner\">\r\n                            \n<div class=\"wpcf7 no-js\" id=\"wpcf7-f953-o1\" lang=\"en-US\" dir=\"ltr\" data-wpcf7-id=\"953\">\n<div class=\"screen-reader-response\"><p role=\"status\" aria-live=\"polite\" aria-atomic=\"true\"><\/p> <ul><\/ul><\/div>\n<form action=\"\/en\/wp-json\/wp\/v2\/pages\/8498#wpcf7-f953-o1\" method=\"post\" class=\"wpcf7-form init\" aria-label=\"Contact form\" novalidate=\"novalidate\" data-status=\"init\" data-trp-original-action=\"\/en\/wp-json\/wp\/v2\/pages\/8498#wpcf7-f953-o1\">\n<fieldset class=\"hidden-fields-container\"><input type=\"hidden\" name=\"_wpcf7\" value=\"953\" \/><input type=\"hidden\" name=\"_wpcf7_version\" value=\"6.1.4\" \/><input type=\"hidden\" name=\"_wpcf7_locale\" value=\"en_US\" \/><input type=\"hidden\" name=\"_wpcf7_unit_tag\" value=\"wpcf7-f953-o1\" \/><input type=\"hidden\" name=\"_wpcf7_container_post\" value=\"0\" \/><input type=\"hidden\" name=\"_wpcf7_posted_data_hash\" value=\"\" \/><input type=\"hidden\" name=\"_wpcf7dtx_version\" value=\"5.0.3\" \/>\n<\/fieldset>\n<div class=\"default-form\">\n\t<div class=\"row clearfix\">\n\t\t<div class=\"col-lg-6 col-md-6 col-sm-12 form-group\">\n\t\t\t<p><span class=\"wpcf7-form-control-wrap\" data-name=\"your-name\"><input size=\"40\" maxlength=\"400\" class=\"wpcf7-form-control wpcf7-text wpcf7-validates-as-required\" aria-required=\"true\" aria-invalid=\"false\" placeholder=\"Your Name\" value=\"\" type=\"text\" name=\"your-name\" \/><\/span>\n\t\t\t<\/p>\n\t\t<\/div>\n\t\t<div class=\"col-lg-6 col-md-6 col-sm-12 form-group\">\n\t\t\t<p><span class=\"wpcf7-form-control-wrap\" data-name=\"your-email\"><input size=\"40\" maxlength=\"400\" class=\"wpcf7-form-control wpcf7-email wpcf7-validates-as-required wpcf7-text wpcf7-validates-as-email\" aria-required=\"true\" aria-invalid=\"false\" value=\"Email Address\" type=\"email\" name=\"your-email\" \/><\/span>\n\t\t\t<\/p>\n\t\t<\/div>\n\t\t<div class=\"col-lg-6 col-md-12 col-sm-12 form-group\">\n\t\t\t<p><span class=\"wpcf7-form-control-wrap\" data-name=\"your-phone\"><input size=\"40\" maxlength=\"400\" class=\"wpcf7-form-control wpcf7-text wpcf7-validates-as-required\" aria-required=\"true\" aria-invalid=\"false\" value=\"Phone Number\" type=\"text\" name=\"your-phone\" \/><\/span>\n\t\t\t<\/p>\n\t\t<\/div>\n\t\t<div class=\"col-lg-6 col-md-12 col-sm-12 form-group\">\n\t\t\t<p><span class=\"wpcf7-form-control-wrap\" data-name=\"your-subject\"><input size=\"40\" maxlength=\"400\" class=\"wpcf7-form-control wpcf7-text wpcf7-validates-as-required\" aria-required=\"true\" aria-invalid=\"false\" value=\"Subject\" type=\"text\" name=\"your-subject\" \/><\/span>\n\t\t\t<\/p>\n\t\t<\/div>\n\t\t<div class=\"col-lg-12 col-md-12 col-sm-12 form-group\">\n\t\t\t<p><span class=\"wpcf7-form-control-wrap\" data-name=\"your-message\"><textarea cols=\"40\" rows=\"10\" maxlength=\"2000\" class=\"wpcf7-form-control wpcf7-textarea\" aria-invalid=\"false\" name=\"your-message\">Write Message<\/textarea><\/span>\n\t\t\t<\/p>\n\t\t<\/div>\n\t\t<div class=\"col-lg-12 col-md-12 col-sm-12 form-group message-btn\">\n\t\t\t<p><button class=\"theme-btn\" type=\"submit\" name=\"submit-form\">Submit Now<\/button>\n\t\t\t<\/p>\n\t\t<\/div>\n\t<\/div>\n<\/div><div class=\"wpcf7-response-output\" aria-hidden=\"true\"><\/div>\n<input type=\"hidden\" name=\"trp-form-language\" value=\"en\"\/><\/form>\n<\/div>\n                        <\/div>\r\n                    <\/div>\r\n                <\/div>\r\n            <\/div>\r\n        <\/section>\r\n        <!-- contact-section end -->\r\n\r\n\t\t\t\t\t\t<\/div>\n\t\t\t\t<\/div>\n\t\t\t\t\t<\/div>\n\t\t\t\t<\/div>\n\t\t\t\t<\/div>","protected":false},"excerpt":{"rendered":"<p>FAQ TRAVEL GUIDE PLANET INFORMATIONS TOURISME SOLIDAIRE ET \u00c9THIQUE AU MAROC &#8220;Chez Travel Guide Planet, nous croyons que chaque voyage est une aventure unique, faite de d\u00e9couvertes, d&#8217;adaptations et de moments inoubliables. Bien que la planification soit essentielle, nous nous effor\u00e7ons de rester flexibles et cr\u00e9atifs pour r\u00e9pondre \u00e0 vos envies et surmonter les impr\u00e9vus. [&hellip;]<\/p>","protected":false},"author":1,"featured_media":0,"parent":0,"menu_order":0,"comment_status":"closed","ping_status":"closed","template":"elementor_header_footer","meta":{"_joinchat":[],"footnotes":""},"class_list":["post-8498","page","type-page","status-publish","hentry"],"yoast_head":"<!-- This site is optimized with the Yoast SEO plugin v26.5 - https:\/\/yoast.com\/wordpress\/plugins\/seo\/ -->\n<title>FAQ - Travel Guide Planet<\/title>\n<meta name=\"robots\" content=\"index, follow, max-snippet:-1, max-image-preview:large, max-video-preview:-1\" \/>\n<link rel=\"canonical\" href=\"https:\/\/travelguideplanet.com\/en\/faq\/\" \/>\n<meta property=\"og:locale\" content=\"en_US\" \/>\n<meta property=\"og:type\" content=\"article\" \/>\n<meta property=\"og:title\" content=\"FAQ - Travel Guide Planet\" \/>\n<meta property=\"og:description\" content=\"FAQ TRAVEL GUIDE PLANET INFORMATIONS TOURISME SOLIDAIRE ET \u00c9THIQUE AU MAROC &#8220;Chez Travel Guide Planet, nous croyons que chaque voyage est une aventure unique, faite de d\u00e9couvertes, d&#8217;adaptations et de moments inoubliables. Bien que la planification soit essentielle, nous nous effor\u00e7ons de rester flexibles et cr\u00e9atifs pour r\u00e9pondre \u00e0 vos envies et surmonter les impr\u00e9vus. [&hellip;]\" \/>\n<meta property=\"og:url\" content=\"https:\/\/travelguideplanet.com\/en\/faq\/\" \/>\n<meta property=\"og:site_name\" content=\"Travel Guide Planet\" \/>\n<meta property=\"article:modified_time\" content=\"2024-12-22T15:42:14+00:00\" \/>\n<meta name=\"twitter:card\" content=\"summary_large_image\" \/>\n<meta name=\"twitter:label1\" content=\"Est. reading time\" \/>\n\t<meta name=\"twitter:data1\" content=\"3 minutes\" \/>\n<script type=\"application\/ld+json\" class=\"yoast-schema-graph\">{\"@context\":\"https:\/\/schema.org\",\"@graph\":[{\"@type\":\"WebPage\",\"@id\":\"https:\/\/travelguideplanet.com\/faq\/\",\"url\":\"https:\/\/travelguideplanet.com\/faq\/\",\"name\":\"FAQ - Travel Guide Planet\",\"isPartOf\":{\"@id\":\"https:\/\/travelguideplanet.com\/#website\"},\"datePublished\":\"2024-12-22T15:30:07+00:00\",\"dateModified\":\"2024-12-22T15:42:14+00:00\",\"breadcrumb\":{\"@id\":\"https:\/\/travelguideplanet.com\/faq\/#breadcrumb\"},\"inLanguage\":\"en-US\",\"potentialAction\":[{\"@type\":\"ReadAction\",\"target\":[\"https:\/\/travelguideplanet.com\/faq\/\"]}]},{\"@type\":\"BreadcrumbList\",\"@id\":\"https:\/\/travelguideplanet.com\/faq\/#breadcrumb\",\"itemListElement\":[{\"@type\":\"ListItem\",\"position\":1,\"name\":\"Accueil\",\"item\":\"https:\/\/travelguideplanet.com\/\"},{\"@type\":\"ListItem\",\"position\":2,\"name\":\"FAQ\"}]},{\"@type\":\"WebSite\",\"@id\":\"https:\/\/travelguideplanet.com\/#website\",\"url\":\"https:\/\/travelguideplanet.com\/\",\"name\":\"Travel Guide Planet\",\"description\":\"Travel Guide Planet : Le Maroc, Authentique et Inoubliable \u00e0 Chaque Pas\",\"publisher\":{\"@id\":\"https:\/\/travelguideplanet.com\/#organization\"},\"potentialAction\":[{\"@type\":\"SearchAction\",\"target\":{\"@type\":\"EntryPoint\",\"urlTemplate\":\"https:\/\/travelguideplanet.com\/?s={search_term_string}\"},\"query-input\":{\"@type\":\"PropertyValueSpecification\",\"valueRequired\":true,\"valueName\":\"search_term_string\"}}],\"inLanguage\":\"en-US\"},{\"@type\":\"Organization\",\"@id\":\"https:\/\/travelguideplanet.com\/#organization\",\"name\":\"Travel Guide Planet\",\"url\":\"https:\/\/travelguideplanet.com\/\",\"logo\":{\"@type\":\"ImageObject\",\"inLanguage\":\"en-US\",\"@id\":\"https:\/\/travelguideplanet.com\/#\/schema\/logo\/image\/\",\"url\":\"https:\/\/travelguideplanet.com\/wp-content\/uploads\/2024\/12\/cropped-Logo-png-TOUR-TRVAEL-PLANET-.png\",\"contentUrl\":\"https:\/\/travelguideplanet.com\/wp-content\/uploads\/2024\/12\/cropped-Logo-png-TOUR-TRVAEL-PLANET-.png\",\"width\":500,\"height\":500,\"caption\":\"Travel Guide Planet\"},\"image\":{\"@id\":\"https:\/\/travelguideplanet.com\/#\/schema\/logo\/image\/\"}}]}<\/script>\n<!-- \/ Yoast SEO plugin. -->","yoast_head_json":{"title":"FAQ - Travel Guide Planet","robots":{"index":"index","follow":"follow","max-snippet":"max-snippet:-1","max-image-preview":"max-image-preview:large","max-video-preview":"max-video-preview:-1"},"canonical":"https:\/\/travelguideplanet.com\/en\/faq\/","og_locale":"en_US","og_type":"article","og_title":"FAQ - Travel Guide Planet","og_description":"FAQ TRAVEL GUIDE PLANET INFORMATIONS TOURISME SOLIDAIRE ET \u00c9THIQUE AU MAROC &#8220;Chez Travel Guide Planet, nous croyons que chaque voyage est une aventure unique, faite de d\u00e9couvertes, d&#8217;adaptations et de moments inoubliables. Bien que la planification soit essentielle, nous nous effor\u00e7ons de rester flexibles et cr\u00e9atifs pour r\u00e9pondre \u00e0 vos envies et surmonter les impr\u00e9vus. [&hellip;]","og_url":"https:\/\/travelguideplanet.com\/en\/faq\/","og_site_name":"Travel Guide Planet","article_modified_time":"2024-12-22T15:42:14+00:00","twitter_card":"summary_large_image","twitter_misc":{"Est. reading time":"3 minutes"},"schema":{"@context":"https:\/\/schema.org","@graph":[{"@type":"WebPage","@id":"https:\/\/travelguideplanet.com\/faq\/","url":"https:\/\/travelguideplanet.com\/faq\/","name":"FAQ - Travel Guide Planet","isPartOf":{"@id":"https:\/\/travelguideplanet.com\/#website"},"datePublished":"2024-12-22T15:30:07+00:00","dateModified":"2024-12-22T15:42:14+00:00","breadcrumb":{"@id":"https:\/\/travelguideplanet.com\/faq\/#breadcrumb"},"inLanguage":"en-US","potentialAction":[{"@type":"ReadAction","target":["https:\/\/travelguideplanet.com\/faq\/"]}]},{"@type":"BreadcrumbList","@id":"https:\/\/travelguideplanet.com\/faq\/#breadcrumb","itemListElement":[{"@type":"ListItem","position":1,"name":"Accueil","item":"https:\/\/travelguideplanet.com\/"},{"@type":"ListItem","position":2,"name":"FAQ"}]},{"@type":"WebSite","@id":"https:\/\/travelguideplanet.com\/#website","url":"https:\/\/travelguideplanet.com\/","name":"Travel Guide Planet","description":"Travel Guide Planet : Le Maroc, Authentique et Inoubliable \u00e0 Chaque Pas","publisher":{"@id":"https:\/\/travelguideplanet.com\/#organization"},"potentialAction":[{"@type":"SearchAction","target":{"@type":"EntryPoint","urlTemplate":"https:\/\/travelguideplanet.com\/?s={search_term_string}"},"query-input":{"@type":"PropertyValueSpecification","valueRequired":true,"valueName":"search_term_string"}}],"inLanguage":"en-US"},{"@type":"Organization","@id":"https:\/\/travelguideplanet.com\/#organization","name":"Travel Guide Planet","url":"https:\/\/travelguideplanet.com\/","logo":{"@type":"ImageObject","inLanguage":"en-US","@id":"https:\/\/travelguideplanet.com\/#\/schema\/logo\/image\/","url":"https:\/\/travelguideplanet.com\/wp-content\/uploads\/2024\/12\/cropped-Logo-png-TOUR-TRVAEL-PLANET-.png","contentUrl":"https:\/\/travelguideplanet.com\/wp-content\/uploads\/2024\/12\/cropped-Logo-png-TOUR-TRVAEL-PLANET-.png","width":500,"height":500,"caption":"Travel Guide Planet"},"image":{"@id":"https:\/\/travelguideplanet.com\/#\/schema\/logo\/image\/"}}]}},"_links":{"self":[{"href":"https:\/\/travelguideplanet.com\/en\/wp-json\/wp\/v2\/pages\/8498","targetHints":{"allow":["GET"]}}],"collection":[{"href":"https:\/\/travelguideplanet.com\/en\/wp-json\/wp\/v2\/pages"}],"about":[{"href":"https:\/\/travelguideplanet.com\/en\/wp-json\/wp\/v2\/types\/page"}],"author":[{"embeddable":true,"href":"https:\/\/travelguideplanet.com\/en\/wp-json\/wp\/v2\/users\/1"}],"replies":[{"embeddable":true,"href":"https:\/\/travelguideplanet.com\/en\/wp-json\/wp\/v2\/comments?post=8498"}],"version-history":[{"count":13,"href":"https:\/\/travelguideplanet.com\/en\/wp-json\/wp\/v2\/pages\/8498\/revisions"}],"predecessor-version":[{"id":8513,"href":"https:\/\/travelguideplanet.com\/en\/wp-json\/wp\/v2\/pages\/8498\/revisions\/8513"}],"wp:attachment":[{"href":"https:\/\/travelguideplanet.com\/en\/wp-json\/wp\/v2\/media?parent=8498"}],"curies":[{"name":"wp","href":"https:\/\/api.w.org\/{rel}","templated":true}]}}