{"id":8767,"date":"2024-12-27T09:24:01","date_gmt":"2024-12-27T09:24:01","guid":{"rendered":"https:\/\/travelguideplanet.com\/?page_id=8767"},"modified":"2024-12-27T10:01:46","modified_gmt":"2024-12-27T10:01:46","slug":"evenements-a-la-carte","status":"publish","type":"page","link":"https:\/\/travelguideplanet.com\/en\/evenements-a-la-carte\/","title":{"rendered":"\u00c9V\u00c8NEMENTS \u00c0 LA CARTE"},"content":{"rendered":"<div data-elementor-type=\"wp-page\" data-elementor-id=\"8767\" class=\"elementor elementor-8767\" data-elementor-post-type=\"page\">\n\t\t\t\t<div class=\"elementor-element elementor-element-8186230 e-con-full e-flex e-con e-parent\" data-id=\"8186230\" data-element_type=\"container\" data-settings=\"{&quot;background_background&quot;:&quot;classic&quot;}\">\n\t\t\t\t<div class=\"elementor-element elementor-element-b753d36 elementor-widget elementor-widget-heading\" data-id=\"b753d36\" data-element_type=\"widget\" data-widget_type=\"heading.default\">\n\t\t\t\t<div class=\"elementor-widget-container\">\n\t\t\t\t\t<h2 class=\"elementor-heading-title elementor-size-default\">\u00c9V\u00c8NEMENTS \u00c0 LA CARTE<\/h2>\t\t\t\t<\/div>\n\t\t\t\t<\/div>\n\t\t\t\t<\/div>\n\t\t<div class=\"elementor-element elementor-element-9328d03 e-con-full e-flex e-con e-parent\" data-id=\"9328d03\" data-element_type=\"container\" data-settings=\"{&quot;background_background&quot;:&quot;classic&quot;}\">\n\t\t\t\t<div class=\"elementor-element elementor-element-7cb9e4f elementor-align-center elementor-widget elementor-widget-button\" data-id=\"7cb9e4f\" data-element_type=\"widget\" data-widget_type=\"button.default\">\n\t\t\t\t<div class=\"elementor-widget-container\">\n\t\t\t\t\t\t\t\t\t<div class=\"elementor-button-wrapper\">\n\t\t\t\t\t<a class=\"elementor-button elementor-button-link elementor-size-sm\" href=\"#SEM\">\n\t\t\t\t\t\t<span class=\"elementor-button-content-wrapper\">\n\t\t\t\t\t\t\t\t\t<span class=\"elementor-button-text\">S\u00c9MINAIRES<\/span>\n\t\t\t\t\t<\/span>\n\t\t\t\t\t<\/a>\n\t\t\t\t<\/div>\n\t\t\t\t\t\t\t\t<\/div>\n\t\t\t\t<\/div>\n\t\t\t\t<\/div>\n\t\t<div class=\"elementor-element elementor-element-26a0ea9 e-flex e-con-boxed e-con e-parent\" data-id=\"26a0ea9\" data-element_type=\"container\">\n\t\t\t\t\t<div class=\"e-con-inner\">\n\t\t\t\t<div class=\"elementor-element elementor-element-4aa6985 elementor-widget elementor-widget-heading\" data-id=\"4aa6985\" data-element_type=\"widget\" data-widget_type=\"heading.default\">\n\t\t\t\t<div class=\"elementor-widget-container\">\n\t\t\t\t\t<h2 class=\"elementor-heading-title elementor-size-default\">S\u00c9MINAIRES<\/h2>\t\t\t\t<\/div>\n\t\t\t\t<\/div>\n\t\t\t\t\t<\/div>\n\t\t\t\t<\/div>\n\t\t<div class=\"elementor-element elementor-element-a540431 e-con-full e-flex e-con e-parent\" data-id=\"a540431\" data-element_type=\"container\" id=\"EX\">\n\t\t\t\t<div class=\"elementor-element elementor-element-2a18633 elementor-widget elementor-widget-travio_tour_post\" data-id=\"2a18633\" data-element_type=\"widget\" id=\"SEM\" data-widget_type=\"travio_tour_post.default\">\n\t\t\t\t<div class=\"elementor-widget-container\">\n\t\t\t\t\t\t\t\t<section class=\"tour-section sec-pad\">\r\n\t\t\t\t\t\t\t\t<div class=\"auto-container\">\r\n\t\t\t\t\t\r\n\t\t\t\t\t\t\t\t\t\t<div class=\"row clearfix\">\r\n\t\t\t\t\t\t\t\t\t\t\t\t<div class=\"col-lg-6 col-md-6 col-sm-12 tour-block\">\r\n\t\t\t\t\t\t\t\t<div class=\"tour-block-one\">\r\n\t\t\t\t\t\t\t\t\t<div class=\"inner-box\">\r\n\t\t\t\t\t\t\t\t\t\t<figure class=\"image-box\">\r\n\t\t\t\t\t\t\t\t\t\t\t<img fetchpriority=\"high\" decoding=\"async\" width=\"720\" height=\"405\" src=\"https:\/\/travelguideplanet.com\/wp-content\/uploads\/2024\/12\/FB_IMG_1735136664682.jpg\" class=\"attachment-post-thumbnail size-post-thumbnail wp-post-image\" alt=\"\" \/>\t\t\t\t\t\t\t\t\t\t\t<a href=\"https:\/\/travelguideplanet.com\/en\/tour\/seminaire-team-building-au-maroc-4-a-6-jours\/\"><i class=\"fas fa-link\"><\/i><\/a>\r\n\t\t\t\t\t\t\t\t\t\t<\/figure>\r\n\t\t\t\t\t\t\t\t\t\t<div class=\"lower-content\">\r\n\t\t\t\t\t\t\t\t\t\t\t\t\t\t\t\t\t\t\t\t\t\t<div class=\"rating\">\r\n\t\t\t\t\t\t\t\t\t\t\t\t<span>\r\n\t\t\t\t\t\t\t\t\t\t\t\t\t\t\t\t\t\t\t\t\t\t\t\t\t<\/span>\r\n\t\t\t\t\t\t\t\t\t\t\t<\/div>\r\n\t\t\t\t\t\t\t\t\t\t\t\t\t\t\t\t\t\t\t\t\t\t\t<h3><a href=\"https:\/\/travelguideplanet.com\/en\/tour\/seminaire-team-building-au-maroc-4-a-6-jours\/\">S\u00e9minaire \/ Team Building au <br>Maroc (4 \u00e0 6 jours)<\/a><\/h3>\r\n\t\t\t\t\t\t\t\t\t\t\t\t\t\t\t\t\t\t\t\t\t\t<h4>\r\n\t\t\t\t\t\t\t\t\t\t\t\t\t\t\t\t\t\t\t\t\t\t\tTarif sur demande \u20ac\t\t\t\t\t\t\t\t\t\t\t\t\t\t\t\t\t\t\t\t\t\t<span> \r\n\t\t\t\t\t\t\t\t\t\t\t\t\t\t\t\t\t\t\t\t\t\t<\/span><\/h4>\t\t\t\t\t\t\t\t\t\t\t<ul class=\"info clearfix\">\r\n\t\t\t\t\t\t\t\t\t\t\t\t<li><i class=\"far fa-clock\"><\/i>4 \u00e0 6 Jours<\/li>\r\n\t\t\t\t\t\t\t\t\t\t\t\t<li><i class=\"far fa-map\"><\/i>D\u00e9part de Marrakech<\/li>\r\n\t\t\t\t\t\t\t\t\t\t\t<\/ul>\r\n\t\t\t\t\t\t\t\t\t\t\t<p>Un s\u00e9jour unique alliant travail, coh\u00e9sion et d\u00e9couverte Combinez sessions de r\u00e9flexion, activit\u00e9s de team building et immersion culturelle au c\u0153ur du Maroc. En 4 \u00e0 6 jours, profitez d\u2019ateliers inspirants, d\u2019excursions d\u00e9paysantes et de soir\u00e9es inoubliables. H\u00e9bergements de charme et organisation sur mesure pour une exp\u00e9rience enrichissante et m\u00e9morable. \u00a0 4 \u00e0 6 Jours [&hellip;]<\/p>\n\t\t\t\t\t\t\t\t\t\t\t<div class=\"btn-box\">\r\n\t\t\t\t\t\t\t\t\t\t\t\t<a href=\"https:\/\/travelguideplanet.com\/en\/tour\/seminaire-team-building-au-maroc-4-a-6-jours\/\">See Details<\/a>\r\n\t\t\t\t\t\t\t\t\t\t\t<\/div>\r\n\t\t\t\t\t\t\t\t\t\t<\/div>\r\n\t\t\t\t\t\t\t\t\t<\/div>\r\n\t\t\t\t\t\t\t\t<\/div>\r\n\t\t\t\t\t\t\t<\/div>\r\n\t\t\t\t\t\t\t\t\t\t\t<\/div>\r\n\t\t\t\t<\/div>\r\n\t\t\t<\/section>\r\n\t\t\t\t\t\t\t<\/div>\n\t\t\t\t<\/div>\n\t\t\t\t<\/div>\n\t\t\t\t<\/div>","protected":false},"excerpt":{"rendered":"<p>\u00c9V\u00c8NEMENTS \u00c0 LA CARTE S\u00c9MINAIRES S\u00c9MINAIRES S\u00e9minaire \/ Team Building au Maroc (4 \u00e0 6 jours) Tarif sur demande \u20ac \/ Par personne 4 \u00e0 6 Jours D\u00e9part de Marrakech Un s\u00e9jour unique alliant travail, coh\u00e9sion et d\u00e9couverte Combinez sessions de r\u00e9flexion, activit\u00e9s de team building et immersion culturelle au c\u0153ur du Maroc. En 4 [&hellip;]<\/p>","protected":false},"author":1,"featured_media":0,"parent":0,"menu_order":0,"comment_status":"closed","ping_status":"closed","template":"elementor_header_footer","meta":{"_joinchat":[],"footnotes":""},"class_list":["post-8767","page","type-page","status-publish","hentry"],"yoast_head":"<!-- This site is optimized with the Yoast SEO plugin v26.5 - https:\/\/yoast.com\/wordpress\/plugins\/seo\/ -->\n<title>\u00c9V\u00c8NEMENTS \u00c0 LA CARTE - Travel Guide Planet<\/title>\n<meta name=\"robots\" content=\"index, follow, max-snippet:-1, max-image-preview:large, max-video-preview:-1\" \/>\n<link rel=\"canonical\" href=\"https:\/\/travelguideplanet.com\/en\/evenements-a-la-carte\/\" \/>\n<meta property=\"og:locale\" content=\"en_US\" \/>\n<meta property=\"og:type\" content=\"article\" \/>\n<meta property=\"og:title\" content=\"\u00c9V\u00c8NEMENTS \u00c0 LA CARTE - Travel Guide Planet\" \/>\n<meta property=\"og:description\" content=\"\u00c9V\u00c8NEMENTS \u00c0 LA CARTE S\u00c9MINAIRES S\u00c9MINAIRES S\u00e9minaire \/ Team Building au Maroc (4 \u00e0 6 jours) Tarif sur demande \u20ac \/ Par personne 4 \u00e0 6 Jours D\u00e9part de Marrakech Un s\u00e9jour unique alliant travail, coh\u00e9sion et d\u00e9couverte Combinez sessions de r\u00e9flexion, activit\u00e9s de team building et immersion culturelle au c\u0153ur du Maroc. En 4 [&hellip;]\" \/>\n<meta property=\"og:url\" content=\"https:\/\/travelguideplanet.com\/en\/evenements-a-la-carte\/\" \/>\n<meta property=\"og:site_name\" content=\"Travel Guide Planet\" \/>\n<meta property=\"article:modified_time\" content=\"2024-12-27T10:01:46+00:00\" \/>\n<meta property=\"og:image\" content=\"https:\/\/travelguideplanet.com\/wp-content\/uploads\/2024\/12\/FB_IMG_1735136664682.jpg\" \/>\n<meta name=\"twitter:card\" content=\"summary_large_image\" \/>\n<meta name=\"twitter:label1\" content=\"Est. reading time\" \/>\n\t<meta name=\"twitter:data1\" content=\"1 minute\" \/>\n<script type=\"application\/ld+json\" class=\"yoast-schema-graph\">{\"@context\":\"https:\/\/schema.org\",\"@graph\":[{\"@type\":\"WebPage\",\"@id\":\"https:\/\/travelguideplanet.com\/evenements-a-la-carte\/\",\"url\":\"https:\/\/travelguideplanet.com\/evenements-a-la-carte\/\",\"name\":\"\u00c9V\u00c8NEMENTS \u00c0 LA CARTE - Travel Guide Planet\",\"isPartOf\":{\"@id\":\"https:\/\/travelguideplanet.com\/#website\"},\"primaryImageOfPage\":{\"@id\":\"https:\/\/travelguideplanet.com\/evenements-a-la-carte\/#primaryimage\"},\"image\":{\"@id\":\"https:\/\/travelguideplanet.com\/evenements-a-la-carte\/#primaryimage\"},\"thumbnailUrl\":\"https:\/\/travelguideplanet.com\/wp-content\/uploads\/2024\/12\/FB_IMG_1735136664682.jpg\",\"datePublished\":\"2024-12-27T09:24:01+00:00\",\"dateModified\":\"2024-12-27T10:01:46+00:00\",\"breadcrumb\":{\"@id\":\"https:\/\/travelguideplanet.com\/evenements-a-la-carte\/#breadcrumb\"},\"inLanguage\":\"en-US\",\"potentialAction\":[{\"@type\":\"ReadAction\",\"target\":[\"https:\/\/travelguideplanet.com\/evenements-a-la-carte\/\"]}]},{\"@type\":\"ImageObject\",\"inLanguage\":\"en-US\",\"@id\":\"https:\/\/travelguideplanet.com\/evenements-a-la-carte\/#primaryimage\",\"url\":\"https:\/\/travelguideplanet.com\/wp-content\/uploads\/2024\/12\/FB_IMG_1735136664682.jpg\",\"contentUrl\":\"https:\/\/travelguideplanet.com\/wp-content\/uploads\/2024\/12\/FB_IMG_1735136664682.jpg\"},{\"@type\":\"BreadcrumbList\",\"@id\":\"https:\/\/travelguideplanet.com\/evenements-a-la-carte\/#breadcrumb\",\"itemListElement\":[{\"@type\":\"ListItem\",\"position\":1,\"name\":\"Accueil\",\"item\":\"https:\/\/travelguideplanet.com\/\"},{\"@type\":\"ListItem\",\"position\":2,\"name\":\"\u00c9V\u00c8NEMENTS \u00c0 LA CARTE\"}]},{\"@type\":\"WebSite\",\"@id\":\"https:\/\/travelguideplanet.com\/#website\",\"url\":\"https:\/\/travelguideplanet.com\/\",\"name\":\"Travel Guide Planet\",\"description\":\"Travel Guide Planet : Le Maroc, Authentique et Inoubliable \u00e0 Chaque Pas\",\"publisher\":{\"@id\":\"https:\/\/travelguideplanet.com\/#organization\"},\"potentialAction\":[{\"@type\":\"SearchAction\",\"target\":{\"@type\":\"EntryPoint\",\"urlTemplate\":\"https:\/\/travelguideplanet.com\/?s={search_term_string}\"},\"query-input\":{\"@type\":\"PropertyValueSpecification\",\"valueRequired\":true,\"valueName\":\"search_term_string\"}}],\"inLanguage\":\"en-US\"},{\"@type\":\"Organization\",\"@id\":\"https:\/\/travelguideplanet.com\/#organization\",\"name\":\"Travel Guide Planet\",\"url\":\"https:\/\/travelguideplanet.com\/\",\"logo\":{\"@type\":\"ImageObject\",\"inLanguage\":\"en-US\",\"@id\":\"https:\/\/travelguideplanet.com\/#\/schema\/logo\/image\/\",\"url\":\"https:\/\/travelguideplanet.com\/wp-content\/uploads\/2024\/12\/cropped-Logo-png-TOUR-TRVAEL-PLANET-.png\",\"contentUrl\":\"https:\/\/travelguideplanet.com\/wp-content\/uploads\/2024\/12\/cropped-Logo-png-TOUR-TRVAEL-PLANET-.png\",\"width\":500,\"height\":500,\"caption\":\"Travel Guide Planet\"},\"image\":{\"@id\":\"https:\/\/travelguideplanet.com\/#\/schema\/logo\/image\/\"}}]}<\/script>\n<!-- \/ Yoast SEO plugin. -->","yoast_head_json":{"title":"\u00c9V\u00c8NEMENTS \u00c0 LA CARTE - Travel Guide Planet","robots":{"index":"index","follow":"follow","max-snippet":"max-snippet:-1","max-image-preview":"max-image-preview:large","max-video-preview":"max-video-preview:-1"},"canonical":"https:\/\/travelguideplanet.com\/en\/evenements-a-la-carte\/","og_locale":"en_US","og_type":"article","og_title":"\u00c9V\u00c8NEMENTS \u00c0 LA CARTE - Travel Guide Planet","og_description":"\u00c9V\u00c8NEMENTS \u00c0 LA CARTE S\u00c9MINAIRES S\u00c9MINAIRES S\u00e9minaire \/ Team Building au Maroc (4 \u00e0 6 jours) Tarif sur demande \u20ac \/ Par personne 4 \u00e0 6 Jours D\u00e9part de Marrakech Un s\u00e9jour unique alliant travail, coh\u00e9sion et d\u00e9couverte Combinez sessions de r\u00e9flexion, activit\u00e9s de team building et immersion culturelle au c\u0153ur du Maroc. En 4 [&hellip;]","og_url":"https:\/\/travelguideplanet.com\/en\/evenements-a-la-carte\/","og_site_name":"Travel Guide Planet","article_modified_time":"2024-12-27T10:01:46+00:00","og_image":[{"url":"https:\/\/travelguideplanet.com\/wp-content\/uploads\/2024\/12\/FB_IMG_1735136664682.jpg","type":"","width":"","height":""}],"twitter_card":"summary_large_image","twitter_misc":{"Est. reading time":"1 minute"},"schema":{"@context":"https:\/\/schema.org","@graph":[{"@type":"WebPage","@id":"https:\/\/travelguideplanet.com\/evenements-a-la-carte\/","url":"https:\/\/travelguideplanet.com\/evenements-a-la-carte\/","name":"\u00c9V\u00c8NEMENTS \u00c0 LA CARTE - Travel Guide Planet","isPartOf":{"@id":"https:\/\/travelguideplanet.com\/#website"},"primaryImageOfPage":{"@id":"https:\/\/travelguideplanet.com\/evenements-a-la-carte\/#primaryimage"},"image":{"@id":"https:\/\/travelguideplanet.com\/evenements-a-la-carte\/#primaryimage"},"thumbnailUrl":"https:\/\/travelguideplanet.com\/wp-content\/uploads\/2024\/12\/FB_IMG_1735136664682.jpg","datePublished":"2024-12-27T09:24:01+00:00","dateModified":"2024-12-27T10:01:46+00:00","breadcrumb":{"@id":"https:\/\/travelguideplanet.com\/evenements-a-la-carte\/#breadcrumb"},"inLanguage":"en-US","potentialAction":[{"@type":"ReadAction","target":["https:\/\/travelguideplanet.com\/evenements-a-la-carte\/"]}]},{"@type":"ImageObject","inLanguage":"en-US","@id":"https:\/\/travelguideplanet.com\/evenements-a-la-carte\/#primaryimage","url":"https:\/\/travelguideplanet.com\/wp-content\/uploads\/2024\/12\/FB_IMG_1735136664682.jpg","contentUrl":"https:\/\/travelguideplanet.com\/wp-content\/uploads\/2024\/12\/FB_IMG_1735136664682.jpg"},{"@type":"BreadcrumbList","@id":"https:\/\/travelguideplanet.com\/evenements-a-la-carte\/#breadcrumb","itemListElement":[{"@type":"ListItem","position":1,"name":"Accueil","item":"https:\/\/travelguideplanet.com\/"},{"@type":"ListItem","position":2,"name":"\u00c9V\u00c8NEMENTS \u00c0 LA CARTE"}]},{"@type":"WebSite","@id":"https:\/\/travelguideplanet.com\/#website","url":"https:\/\/travelguideplanet.com\/","name":"Travel Guide Planet","description":"Travel Guide Planet : Le Maroc, Authentique et Inoubliable \u00e0 Chaque Pas","publisher":{"@id":"https:\/\/travelguideplanet.com\/#organization"},"potentialAction":[{"@type":"SearchAction","target":{"@type":"EntryPoint","urlTemplate":"https:\/\/travelguideplanet.com\/?s={search_term_string}"},"query-input":{"@type":"PropertyValueSpecification","valueRequired":true,"valueName":"search_term_string"}}],"inLanguage":"en-US"},{"@type":"Organization","@id":"https:\/\/travelguideplanet.com\/#organization","name":"Travel Guide Planet","url":"https:\/\/travelguideplanet.com\/","logo":{"@type":"ImageObject","inLanguage":"en-US","@id":"https:\/\/travelguideplanet.com\/#\/schema\/logo\/image\/","url":"https:\/\/travelguideplanet.com\/wp-content\/uploads\/2024\/12\/cropped-Logo-png-TOUR-TRVAEL-PLANET-.png","contentUrl":"https:\/\/travelguideplanet.com\/wp-content\/uploads\/2024\/12\/cropped-Logo-png-TOUR-TRVAEL-PLANET-.png","width":500,"height":500,"caption":"Travel Guide Planet"},"image":{"@id":"https:\/\/travelguideplanet.com\/#\/schema\/logo\/image\/"}}]}},"_links":{"self":[{"href":"https:\/\/travelguideplanet.com\/en\/wp-json\/wp\/v2\/pages\/8767","targetHints":{"allow":["GET"]}}],"collection":[{"href":"https:\/\/travelguideplanet.com\/en\/wp-json\/wp\/v2\/pages"}],"about":[{"href":"https:\/\/travelguideplanet.com\/en\/wp-json\/wp\/v2\/types\/page"}],"author":[{"embeddable":true,"href":"https:\/\/travelguideplanet.com\/en\/wp-json\/wp\/v2\/users\/1"}],"replies":[{"embeddable":true,"href":"https:\/\/travelguideplanet.com\/en\/wp-json\/wp\/v2\/comments?post=8767"}],"version-history":[{"count":13,"href":"https:\/\/travelguideplanet.com\/en\/wp-json\/wp\/v2\/pages\/8767\/revisions"}],"predecessor-version":[{"id":8788,"href":"https:\/\/travelguideplanet.com\/en\/wp-json\/wp\/v2\/pages\/8767\/revisions\/8788"}],"wp:attachment":[{"href":"https:\/\/travelguideplanet.com\/en\/wp-json\/wp\/v2\/media?parent=8767"}],"curies":[{"name":"wp","href":"https:\/\/api.w.org\/{rel}","templated":true}]}}